    {"id":489,"date":"2021-12-08T20:50:31","date_gmt":"2021-12-08T20:50:31","guid":{"rendered":"https:\/\/sweetdeco.lv\/?page_id=489"},"modified":"2021-12-09T07:11:56","modified_gmt":"2021-12-09T07:11:56","slug":"ueber-uns","status":"publish","type":"page","link":"https:\/\/sweetdeco.lv\/de\/ueber-uns\/","title":{"rendered":"\u00dcber uns"},"content":{"rendered":"<div style=\"width: 1920px;\" class=\"wp-video\"><!--[if lt IE 9]><script>document.createElement('video');<\/script><![endif]-->\n<video class=\"wp-video-shortcode\" id=\"video-489-1\" width=\"1920\" height=\"1080\" preload=\"metadata\" controls=\"controls\"><source type=\"video\/mp4\" src=\"https:\/\/sweetdeco.lv\/wp-content\/uploads\/2021\/12\/video_final20211202-10779-pehf8b.mp4?_=1\" \/><a href=\"https:\/\/sweetdeco.lv\/wp-content\/uploads\/2021\/12\/video_final20211202-10779-pehf8b.mp4\">https:\/\/sweetdeco.lv\/wp-content\/uploads\/2021\/12\/video_final20211202-10779-pehf8b.mp4<\/a><\/video><\/div>\n<p>Die sch\u00f6nsten Geschenke sind die, die mit Liebe und Freude gepflegt werden.<\/p>\n<p>Wir wissen, dass erlesene S\u00fc\u00dfigkeiten zur richtigen Zeit Freude und Liebe bereiten und auf die gr\u00f6\u00dften Werte des Lebens geachtet werden muss. Aus diesen Gr\u00fcnden haben wir wundersch\u00f6ne Pralinen und himmlische Baiserkekse mit Geschmack und Aufdruck kreiert, um mit Hilfe dieser K\u00f6stlichkeiten unseren Lieben die Botschaft von Liebe, Freude und Tr\u00e4umen zu vermitteln\u2026<\/p>\n<p>Fabelhafte Baiser-Kekse mit essbarem Aufdruck, exquisite Schokolade mit verschiedenen exotischen F\u00fcllungen, Marzipan verziert mit Blumen, Gold, N\u00fcssen.<\/p>\n<p>Geschmackvolle Urlaubsakzente f\u00fcr jeden Anlass \u2013 all das ist bei uns m\u00f6glich.<\/p>\n<p>Egal ob gro\u00dfer oder kleiner Urlaub, aber mit Liebe!<\/p>\n","protected":false},"excerpt":{"rendered":"<p>Die sch\u00f6nsten Geschenke sind die, die mit Liebe und Freude gepflegt werden. Wir wissen, dass erlesene S\u00fc\u00dfigkeiten zur richtigen Zeit Freude und Liebe bereiten und auf die gr\u00f6\u00dften Werte des Lebens geachtet werden muss. Aus diesen Gr\u00fcnden haben wir wundersch\u00f6ne Pralinen und himmlische Baiserkekse mit Geschmack und Aufdruck kreiert, um mit Hilfe dieser K\u00f6stlichkeiten unseren<\/p>\n","protected":false},"author":2,"featured_media":0,"parent":0,"menu_order":0,"comment_status":"closed","ping_status":"closed","template":"","meta":{"footnotes":""},"class_list":["post-489","page","type-page","status-publish","hentry"],"yoast_head":"<!-- This site is optimized with the Yoast SEO plugin v25.8 - https:\/\/yoast.com\/wordpress\/plugins\/seo\/ -->\n<title>\u00dcber uns - Sweet Deco page 489<\/title>\n<meta name=\"description\" content=\"page 489\" \/>\n<meta name=\"robots\" content=\"index, follow, max-snippet:-1, max-image-preview:large, max-video-preview:-1\" \/>\n<link rel=\"canonical\" href=\"https:\/\/sweetdeco.lv\/de\/ueber-uns\/\" \/>\n<meta property=\"og:locale\" content=\"de_DE\" \/>\n<meta property=\"og:type\" content=\"article\" \/>\n<meta property=\"og:title\" content=\"\u00dcber uns - Sweet Deco\" \/>\n<meta property=\"og:description\" content=\"Die sch\u00f6nsten Geschenke sind die, die mit Liebe und Freude gepflegt werden. Wir wissen, dass erlesene S\u00fc\u00dfigkeiten zur richtigen Zeit Freude und Liebe bereiten und auf die gr\u00f6\u00dften Werte des Lebens geachtet werden muss. Aus diesen Gr\u00fcnden haben wir wundersch\u00f6ne Pralinen und himmlische Baiserkekse mit Geschmack und Aufdruck kreiert, um mit Hilfe dieser K\u00f6stlichkeiten unseren\" \/>\n<meta property=\"og:url\" content=\"https:\/\/sweetdeco.lv\/de\/ueber-uns\/\" \/>\n<meta property=\"og:site_name\" content=\"Sweet Deco\" \/>\n<meta property=\"article:publisher\" content=\"https:\/\/www.facebook.com\/sweetdecolv\" \/>\n<meta property=\"article:modified_time\" content=\"2021-12-09T07:11:56+00:00\" \/>\n<meta name=\"twitter:card\" content=\"summary_large_image\" \/>\n<meta name=\"twitter:label1\" content=\"Gesch\u00e4tzte Lesezeit\" \/>\n\t<meta name=\"twitter:data1\" content=\"1\u00a0Minute\" \/>\n<script type=\"application\/ld+json\" class=\"yoast-schema-graph\">{\"@context\":\"https:\/\/schema.org\",\"@graph\":[{\"@type\":\"WebPage\",\"@id\":\"https:\/\/sweetdeco.lv\/de\/ueber-uns\/\",\"url\":\"https:\/\/sweetdeco.lv\/de\/ueber-uns\/\",\"name\":\"\u00dcber uns - Sweet Deco\",\"isPartOf\":{\"@id\":\"https:\/\/sweetdeco.lv\/de\/#website\"},\"datePublished\":\"2021-12-08T20:50:31+00:00\",\"dateModified\":\"2021-12-09T07:11:56+00:00\",\"breadcrumb\":{\"@id\":\"https:\/\/sweetdeco.lv\/de\/ueber-uns\/#breadcrumb\"},\"inLanguage\":\"de\",\"potentialAction\":[{\"@type\":\"ReadAction\",\"target\":[\"https:\/\/sweetdeco.lv\/de\/ueber-uns\/\"]}]},{\"@type\":\"BreadcrumbList\",\"@id\":\"https:\/\/sweetdeco.lv\/de\/ueber-uns\/#breadcrumb\",\"itemListElement\":[{\"@type\":\"ListItem\",\"position\":1,\"name\":\"Home\",\"item\":\"https:\/\/sweetdeco.lv\/de\/sweet-deco-handgemacht-und-liebe-schokolade\/\"},{\"@type\":\"ListItem\",\"position\":2,\"name\":\"\u00dcber uns\"}]},{\"@type\":\"WebSite\",\"@id\":\"https:\/\/sweetdeco.lv\/de\/#website\",\"url\":\"https:\/\/sweetdeco.lv\/de\/\",\"name\":\"Sweet Deco\",\"description\":\"Sweet Deco\",\"potentialAction\":[{\"@type\":\"SearchAction\",\"target\":{\"@type\":\"EntryPoint\",\"urlTemplate\":\"https:\/\/sweetdeco.lv\/de\/?s={search_term_string}\"},\"query-input\":{\"@type\":\"PropertyValueSpecification\",\"valueRequired\":true,\"valueName\":\"search_term_string\"}}],\"inLanguage\":\"de\"}]}<\/script>\n<!-- \/ Yoast SEO plugin. -->","yoast_head_json":{"title":"\u00dcber uns - Sweet Deco page 489","description":"page 489","robots":{"index":"index","follow":"follow","max-snippet":"max-snippet:-1","max-image-preview":"max-image-preview:large","max-video-preview":"max-video-preview:-1"},"canonical":"https:\/\/sweetdeco.lv\/de\/ueber-uns\/","og_locale":"de_DE","og_type":"article","og_title":"\u00dcber uns - Sweet Deco","og_description":"Die sch\u00f6nsten Geschenke sind die, die mit Liebe und Freude gepflegt werden. Wir wissen, dass erlesene S\u00fc\u00dfigkeiten zur richtigen Zeit Freude und Liebe bereiten und auf die gr\u00f6\u00dften Werte des Lebens geachtet werden muss. Aus diesen Gr\u00fcnden haben wir wundersch\u00f6ne Pralinen und himmlische Baiserkekse mit Geschmack und Aufdruck kreiert, um mit Hilfe dieser K\u00f6stlichkeiten unseren","og_url":"https:\/\/sweetdeco.lv\/de\/ueber-uns\/","og_site_name":"Sweet Deco","article_publisher":"https:\/\/www.facebook.com\/sweetdecolv","article_modified_time":"2021-12-09T07:11:56+00:00","twitter_card":"summary_large_image","twitter_misc":{"Gesch\u00e4tzte Lesezeit":"1\u00a0Minute"},"schema":{"@context":"https:\/\/schema.org","@graph":[{"@type":"WebPage","@id":"https:\/\/sweetdeco.lv\/de\/ueber-uns\/","url":"https:\/\/sweetdeco.lv\/de\/ueber-uns\/","name":"\u00dcber uns - Sweet Deco","isPartOf":{"@id":"https:\/\/sweetdeco.lv\/de\/#website"},"datePublished":"2021-12-08T20:50:31+00:00","dateModified":"2021-12-09T07:11:56+00:00","breadcrumb":{"@id":"https:\/\/sweetdeco.lv\/de\/ueber-uns\/#breadcrumb"},"inLanguage":"de","potentialAction":[{"@type":"ReadAction","target":["https:\/\/sweetdeco.lv\/de\/ueber-uns\/"]}]},{"@type":"BreadcrumbList","@id":"https:\/\/sweetdeco.lv\/de\/ueber-uns\/#breadcrumb","itemListElement":[{"@type":"ListItem","position":1,"name":"Home","item":"https:\/\/sweetdeco.lv\/de\/sweet-deco-handgemacht-und-liebe-schokolade\/"},{"@type":"ListItem","position":2,"name":"\u00dcber uns"}]},{"@type":"WebSite","@id":"https:\/\/sweetdeco.lv\/de\/#website","url":"https:\/\/sweetdeco.lv\/de\/","name":"Sweet Deco","description":"Sweet Deco","potentialAction":[{"@type":"SearchAction","target":{"@type":"EntryPoint","urlTemplate":"https:\/\/sweetdeco.lv\/de\/?s={search_term_string}"},"query-input":{"@type":"PropertyValueSpecification","valueRequired":true,"valueName":"search_term_string"}}],"inLanguage":"de"}]}},"jetpack_sharing_enabled":true,"_links":{"self":[{"href":"https:\/\/sweetdeco.lv\/de\/wp-json\/wp\/v2\/pages\/489","targetHints":{"allow":["GET"]}}],"collection":[{"href":"https:\/\/sweetdeco.lv\/de\/wp-json\/wp\/v2\/pages"}],"about":[{"href":"https:\/\/sweetdeco.lv\/de\/wp-json\/wp\/v2\/types\/page"}],"author":[{"embeddable":true,"href":"https:\/\/sweetdeco.lv\/de\/wp-json\/wp\/v2\/users\/2"}],"replies":[{"embeddable":true,"href":"https:\/\/sweetdeco.lv\/de\/wp-json\/wp\/v2\/comments?post=489"}],"version-history":[{"count":2,"href":"https:\/\/sweetdeco.lv\/de\/wp-json\/wp\/v2\/pages\/489\/revisions"}],"predecessor-version":[{"id":596,"href":"https:\/\/sweetdeco.lv\/de\/wp-json\/wp\/v2\/pages\/489\/revisions\/596"}],"wp:attachment":[{"href":"https:\/\/sweetdeco.lv\/de\/wp-json\/wp\/v2\/media?parent=489"}],"curies":[{"name":"wp","href":"https:\/\/api.w.org\/{rel}","templated":true}]}}