    {"id":492,"date":"2021-12-08T21:12:28","date_gmt":"2021-12-08T21:12:28","guid":{"rendered":"https:\/\/sweetdeco.lv\/?page_id=492"},"modified":"2021-12-08T22:10:26","modified_gmt":"2021-12-08T22:10:26","slug":"geschenke","status":"publish","type":"page","link":"https:\/\/sweetdeco.lv\/de\/geschenke\/","title":{"rendered":"Geschenke"},"content":{"rendered":"<p style=\"text-align: center;\"><strong>Verschenken Sie ein leckeres Geschenk!<\/strong><\/p>\n<p style=\"text-align: center;\"><strong>Schenken Sie Ihren Lieben, schenken Sie Ihren Kollegen und all denen, denen Sie Freude bereiten m\u00f6chten!<\/strong><\/p>\n<p>Niemand zweifelt daran, welche Geschenke die besten sind \u2013 in die Zeit, Energie, Liebe und gute Gedanken investiert werden. Und egal ob Ostern, Weihnachten, Valentinstag, Internationaler Frauentag, Geburtstag, Namenstag oder ein anderer Feiertag, der Ihnen wichtig ist &#8211; wir finden f\u00fcr jeden Feiertag das BESONDERE Geschenk.<\/p>\n<p>Wir harmonisieren Verpackung, B\u00e4nder und vor allem gemeinsam gestalten wir die Delikatesse und deren F\u00fcllung nach Ihren W\u00fcnschen, damit das Geschenk perfekt wird und Ihren Liebsten ein L\u00e4cheln, Freude bereitet!<\/p>\n<ul class=\"row gallery-list gallery-list-image\"><li class=\"col-xs-6 col-sm-4 col-md-3 col-lg-3\"><a href=\"\/wp-content\/uploads\/gallery\/baltas_tafelites-v01.jpeg\" rel=\"prettyPhoto[pp_gal]\" class=\"image-link\"><img decoding=\"async\" src=\"\/wp-content\/uploads\/gallery\/baltas_tafelites-v01-thumb.jpeg\" alt=\"Geschenke 1\"><\/a><\/li><li class=\"col-xs-6 col-sm-4 col-md-3 col-lg-3\"><a href=\"\/wp-content\/uploads\/gallery\/marcepans_sark_marmel_rozes-v01.jpeg\" rel=\"prettyPhoto[pp_gal]\" class=\"image-link\"><img decoding=\"async\" src=\"\/wp-content\/uploads\/gallery\/marcepans_sark_marmel_rozes-v01-thumb.jpeg\" alt=\"Geschenke 2\"><\/a><\/li><li class=\"col-xs-6 col-sm-4 col-md-3 col-lg-3\"><a href=\"\/wp-content\/uploads\/gallery\/240110004_4267008156699447_8841776465588439272_n-v01.jpg\" rel=\"prettyPhoto[pp_gal]\" class=\"image-link\"><img decoding=\"async\" src=\"\/wp-content\/uploads\/gallery\/240110004_4267008156699447_8841776465588439272_n-v01-thumb.jpg\" alt=\"Geschenke 3\"><\/a><\/li><li class=\"col-xs-6 col-sm-4 col-md-3 col-lg-3\"><a href=\"\/wp-content\/uploads\/gallery\/228462281_4205958789471051_6917443238125840315_n-v01.jpg\" rel=\"prettyPhoto[pp_gal]\" class=\"image-link\"><img decoding=\"async\" src=\"\/wp-content\/uploads\/gallery\/228462281_4205958789471051_6917443238125840315_n-v01-thumb.jpg\" alt=\"Geschenke 4\"><\/a><\/li><li class=\"col-xs-6 col-sm-4 col-md-3 col-lg-3\"><a href=\"\/wp-content\/uploads\/gallery\/243975000_4389652397768355_6836969820677034295_n-v01.jpg\" rel=\"prettyPhoto[pp_gal]\" class=\"image-link\"><img decoding=\"async\" src=\"\/wp-content\/uploads\/gallery\/243975000_4389652397768355_6836969820677034295_n-v01-thumb.jpg\" alt=\"Geschenke 5\"><\/a><\/li><li class=\"col-xs-6 col-sm-4 col-md-3 col-lg-3\"><a href=\"\/wp-content\/uploads\/gallery\/255568132_4513709365362657_7095837246223604944_n-v01.jpg\" rel=\"prettyPhoto[pp_gal]\" class=\"image-link\"><img decoding=\"async\" src=\"\/wp-content\/uploads\/gallery\/255568132_4513709365362657_7095837246223604944_n-v01-thumb.jpg\" alt=\"Geschenke 6\"><\/a><\/li><li class=\"col-xs-6 col-sm-4 col-md-3 col-lg-3\"><a href=\"\/wp-content\/uploads\/gallery\/whatsapp image 2019-10-21 at 21.51.55(5)-v01.jpg\" rel=\"prettyPhoto[pp_gal]\" class=\"image-link\"><img decoding=\"async\" src=\"\/wp-content\/uploads\/gallery\/whatsapp image 2019-10-21 at 21.51.55(5)-v01-thumb.jpg\" alt=\"Geschenke 7\"><\/a><\/li><li class=\"col-xs-6 col-sm-4 col-md-3 col-lg-3\"><a href=\"\/wp-content\/uploads\/gallery\/kast\u012btes ar printu-v01.jpg\" rel=\"prettyPhoto[pp_gal]\" class=\"image-link\"><img decoding=\"async\" src=\"\/wp-content\/uploads\/gallery\/kast\u012btes ar printu-v01-thumb.jpg\" alt=\"Geschenke 8\"><\/a><\/li><li class=\"col-xs-6 col-sm-4 col-md-3 col-lg-3\"><a href=\"\/wp-content\/uploads\/gallery\/81985486_2696004297133182_6483995514114146304_n-v01.jpg\" rel=\"prettyPhoto[pp_gal]\" class=\"image-link\"><img decoding=\"async\" src=\"\/wp-content\/uploads\/gallery\/81985486_2696004297133182_6483995514114146304_n-v01-thumb.jpg\" alt=\"Geschenke 9\"><\/a><\/li><li class=\"col-xs-6 col-sm-4 col-md-3 col-lg-3\"><a href=\"\/wp-content\/uploads\/gallery\/242330844_4360123787387883_3373389092351835517_n-v01.jpg\" rel=\"prettyPhoto[pp_gal]\" class=\"image-link\"><img decoding=\"async\" src=\"\/wp-content\/uploads\/gallery\/242330844_4360123787387883_3373389092351835517_n-v01-thumb.jpg\" alt=\"Geschenke 10\"><\/a><\/li><li class=\"col-xs-6 col-sm-4 col-md-3 col-lg-3\"><a href=\"\/wp-content\/uploads\/gallery\/264651509_4601649113235348_2101866702561172995_n-v01.jpg\" rel=\"prettyPhoto[pp_gal]\" class=\"image-link\"><img decoding=\"async\" src=\"\/wp-content\/uploads\/gallery\/264651509_4601649113235348_2101866702561172995_n-v01-thumb.jpg\" alt=\"Geschenke 11\"><\/a><\/li><\/ul>\n<h2>Kontaktiere uns<\/h2>\n<div class=\"frm_forms  with_frm_style frm_style_formidable-style\" id=\"frm_form_4_container\" >\n<form enctype=\"multipart\/form-data\" method=\"post\" class=\"frm-show-form \" id=\"form_contact-form4bd54af34be80fa3efd5\" >\n<div class=\"frm_form_fields \">\n<fieldset>\n<legend class=\"frm_screen_reader\">Contact Us DE<\/legend>\r\n\r\n<div class=\"frm_fields_container\">\n<input type=\"hidden\" name=\"frm_action\" value=\"create\" \/>\n<input type=\"hidden\" name=\"form_id\" value=\"4\" \/>\n<input type=\"hidden\" name=\"frm_hide_fields_4\" id=\"frm_hide_fields_4\" value=\"\" \/>\n<input type=\"hidden\" name=\"form_key\" value=\"contact-form4bd54af34be80fa3efd5\" \/>\n<input type=\"hidden\" name=\"item_meta[0]\" value=\"\" \/>\n<input type=\"hidden\" id=\"frm_submit_entry_4\" name=\"frm_submit_entry_4\" value=\"556b56d3bb\" \/><input type=\"hidden\" name=\"_wp_http_referer\" value=\"\/de\/wp-json\/wp\/v2\/pages\/492\" \/><div id=\"frm_field_14_container\" class=\"frm_form_field form-field  frm_required_field frm_top_container frm_two_thirds frm_first\">\r\n    <label for=\"field_qh4icy9e4cdbaaea0f47b23514\" id=\"field_qh4icy9e4cdbaaea0f47b23514_label\" class=\"frm_primary_label\">Vorname, Nachname\r\n        <span class=\"frm_required\">*<\/span>\r\n    <\/label>\r\n    <input type=\"text\" id=\"field_qh4icy9e4cdbaaea0f47b23514\" name=\"item_meta[14]\" value=\"\"  data-reqmsg=\"Dieses Feld darf nicht leer sein.\" aria-required=\"true\" data-invmsg=\"Name is invalid\" aria-invalid=\"false\"  \/>\r\n    \r\n    \r\n<\/div>\n<div id=\"frm_field_15_container\" class=\"frm_form_field form-field  frm_required_field frm_top_container frm_full frm_two_thirds\">\r\n    <label for=\"field_29yf4d785bdb33bf6a3cb2dcab\" id=\"field_29yf4d785bdb33bf6a3cb2dcab_label\" class=\"frm_primary_label\">E-mail\r\n        <span class=\"frm_required\">*<\/span>\r\n    <\/label>\r\n    <input type=\"email\" id=\"field_29yf4d785bdb33bf6a3cb2dcab\" name=\"item_meta[15]\" value=\"\"  data-reqmsg=\"Dieses Feld darf nicht leer sein.\" aria-required=\"true\" data-invmsg=\"Bitte geben Sie eine g\u00fcltige E-Mail-Adresse ein.\" aria-invalid=\"false\"  \/>\r\n    \r\n    \r\n<\/div>\n<div id=\"frm_field_16_container\" class=\"frm_form_field form-field  frm_top_container frm_full frm_two_thirds\">\r\n    <label for=\"field_e6lis617af0ba29ef3daa603f1\" id=\"field_e6lis617af0ba29ef3daa603f1_label\" class=\"frm_primary_label\">Telefon\r\n        <span class=\"frm_required\"><\/span>\r\n    <\/label>\r\n    <input type=\"text\" id=\"field_e6lis617af0ba29ef3daa603f1\" name=\"item_meta[16]\" value=\"\"  data-invmsg=\"Subject is invalid\" aria-invalid=\"false\"  \/>\r\n    \r\n    \r\n<\/div>\n<div id=\"frm_field_17_container\" class=\"frm_form_field form-field  frm_required_field frm_top_container frm_full\">\r\n    <label for=\"field_9jv0r12e1778c8dcaed822101f\" id=\"field_9jv0r12e1778c8dcaed822101f_label\" class=\"frm_primary_label\">Meldung\r\n        <span class=\"frm_required\">*<\/span>\r\n    <\/label>\r\n    <textarea name=\"item_meta[17]\" id=\"field_9jv0r12e1778c8dcaed822101f\" rows=\"5\"  data-reqmsg=\"Dieses Feld darf nicht leer sein.\" aria-required=\"true\" data-invmsg=\"Meldung ist ung\u00fcltig\" aria-invalid=\"false\"  ><\/textarea>\r\n    \r\n    \r\n<\/div>\n\t<input type=\"hidden\" name=\"item_key\" value=\"\" \/>\n\t\t\t<div id=\"frm_field_19_container\">\n\t\t\t<label for=\"field_i888l\" >\n\t\t\t\tFalls Du menschlich bist, lasse dieses Feld leer.\t\t\t<\/label>\n\t\t\t<input  id=\"field_i888l\" type=\"text\" class=\"frm_form_field form-field frm_verify\" name=\"item_meta[19]\" value=\"\"  \/>\n\t\t<\/div>\n\t\t<input name=\"frm_state\" type=\"hidden\" value=\"NQznbg38daIgTBcS2tsN+II0gsErYw2B2N8QlAviymk=\" \/><div class=\"frm_submit\">\r\n\r\n<button class=\"frm_button_submit\" type=\"submit\"  >Senden<\/button>\r\n\r\n<\/div><\/div>\n<\/fieldset>\n<\/div>\n\n<\/form>\n<\/div>\n\n","protected":false},"excerpt":{"rendered":"<p>Verschenken Sie ein leckeres Geschenk! Schenken Sie Ihren Lieben, schenken Sie Ihren Kollegen und all denen, denen Sie Freude bereiten m\u00f6chten! Niemand zweifelt daran, welche Geschenke die besten sind \u2013 in die Zeit, Energie, Liebe und gute Gedanken investiert werden. Und egal ob Ostern, Weihnachten, Valentinstag, Internationaler Frauentag, Geburtstag, Namenstag oder ein anderer Feiertag, der<\/p>\n","protected":false},"author":2,"featured_media":0,"parent":0,"menu_order":0,"comment_status":"closed","ping_status":"closed","template":"","meta":{"footnotes":""},"class_list":["post-492","page","type-page","status-publish","hentry"],"yoast_head":"<!-- This site is optimized with the Yoast SEO plugin v25.8 - https:\/\/yoast.com\/wordpress\/plugins\/seo\/ -->\n<title>Geschenke - Sweet Deco page 492<\/title>\n<meta name=\"description\" content=\"page 492\" \/>\n<meta name=\"robots\" content=\"index, follow, max-snippet:-1, max-image-preview:large, max-video-preview:-1\" \/>\n<link rel=\"canonical\" href=\"https:\/\/sweetdeco.lv\/de\/geschenke\/\" \/>\n<meta property=\"og:locale\" content=\"de_DE\" \/>\n<meta property=\"og:type\" content=\"article\" \/>\n<meta property=\"og:title\" content=\"Geschenke - Sweet Deco\" \/>\n<meta property=\"og:description\" content=\"Verschenken Sie ein leckeres Geschenk! Schenken Sie Ihren Lieben, schenken Sie Ihren Kollegen und all denen, denen Sie Freude bereiten m\u00f6chten! Niemand zweifelt daran, welche Geschenke die besten sind \u2013 in die Zeit, Energie, Liebe und gute Gedanken investiert werden. Und egal ob Ostern, Weihnachten, Valentinstag, Internationaler Frauentag, Geburtstag, Namenstag oder ein anderer Feiertag, der\" \/>\n<meta property=\"og:url\" content=\"https:\/\/sweetdeco.lv\/de\/geschenke\/\" \/>\n<meta property=\"og:site_name\" content=\"Sweet Deco\" \/>\n<meta property=\"article:publisher\" content=\"https:\/\/www.facebook.com\/sweetdecolv\" \/>\n<meta property=\"article:modified_time\" content=\"2021-12-08T22:10:26+00:00\" \/>\n<meta name=\"twitter:card\" content=\"summary_large_image\" \/>\n<meta name=\"twitter:label1\" content=\"Gesch\u00e4tzte Lesezeit\" \/>\n\t<meta name=\"twitter:data1\" content=\"1\u00a0Minute\" \/>\n<script type=\"application\/ld+json\" class=\"yoast-schema-graph\">{\"@context\":\"https:\/\/schema.org\",\"@graph\":[{\"@type\":\"WebPage\",\"@id\":\"https:\/\/sweetdeco.lv\/de\/geschenke\/\",\"url\":\"https:\/\/sweetdeco.lv\/de\/geschenke\/\",\"name\":\"Geschenke - Sweet Deco\",\"isPartOf\":{\"@id\":\"https:\/\/sweetdeco.lv\/de\/#website\"},\"datePublished\":\"2021-12-08T21:12:28+00:00\",\"dateModified\":\"2021-12-08T22:10:26+00:00\",\"breadcrumb\":{\"@id\":\"https:\/\/sweetdeco.lv\/de\/geschenke\/#breadcrumb\"},\"inLanguage\":\"de\",\"potentialAction\":[{\"@type\":\"ReadAction\",\"target\":[\"https:\/\/sweetdeco.lv\/de\/geschenke\/\"]}]},{\"@type\":\"BreadcrumbList\",\"@id\":\"https:\/\/sweetdeco.lv\/de\/geschenke\/#breadcrumb\",\"itemListElement\":[{\"@type\":\"ListItem\",\"position\":1,\"name\":\"Home\",\"item\":\"https:\/\/sweetdeco.lv\/de\/sweet-deco-handgemacht-und-liebe-schokolade\/\"},{\"@type\":\"ListItem\",\"position\":2,\"name\":\"Geschenke\"}]},{\"@type\":\"WebSite\",\"@id\":\"https:\/\/sweetdeco.lv\/de\/#website\",\"url\":\"https:\/\/sweetdeco.lv\/de\/\",\"name\":\"Sweet Deco\",\"description\":\"Sweet Deco\",\"potentialAction\":[{\"@type\":\"SearchAction\",\"target\":{\"@type\":\"EntryPoint\",\"urlTemplate\":\"https:\/\/sweetdeco.lv\/de\/?s={search_term_string}\"},\"query-input\":{\"@type\":\"PropertyValueSpecification\",\"valueRequired\":true,\"valueName\":\"search_term_string\"}}],\"inLanguage\":\"de\"}]}<\/script>\n<!-- \/ Yoast SEO plugin. -->","yoast_head_json":{"title":"Geschenke - Sweet Deco page 492","description":"page 492","robots":{"index":"index","follow":"follow","max-snippet":"max-snippet:-1","max-image-preview":"max-image-preview:large","max-video-preview":"max-video-preview:-1"},"canonical":"https:\/\/sweetdeco.lv\/de\/geschenke\/","og_locale":"de_DE","og_type":"article","og_title":"Geschenke - Sweet Deco","og_description":"Verschenken Sie ein leckeres Geschenk! Schenken Sie Ihren Lieben, schenken Sie Ihren Kollegen und all denen, denen Sie Freude bereiten m\u00f6chten! Niemand zweifelt daran, welche Geschenke die besten sind \u2013 in die Zeit, Energie, Liebe und gute Gedanken investiert werden. Und egal ob Ostern, Weihnachten, Valentinstag, Internationaler Frauentag, Geburtstag, Namenstag oder ein anderer Feiertag, der","og_url":"https:\/\/sweetdeco.lv\/de\/geschenke\/","og_site_name":"Sweet Deco","article_publisher":"https:\/\/www.facebook.com\/sweetdecolv","article_modified_time":"2021-12-08T22:10:26+00:00","twitter_card":"summary_large_image","twitter_misc":{"Gesch\u00e4tzte Lesezeit":"1\u00a0Minute"},"schema":{"@context":"https:\/\/schema.org","@graph":[{"@type":"WebPage","@id":"https:\/\/sweetdeco.lv\/de\/geschenke\/","url":"https:\/\/sweetdeco.lv\/de\/geschenke\/","name":"Geschenke - Sweet Deco","isPartOf":{"@id":"https:\/\/sweetdeco.lv\/de\/#website"},"datePublished":"2021-12-08T21:12:28+00:00","dateModified":"2021-12-08T22:10:26+00:00","breadcrumb":{"@id":"https:\/\/sweetdeco.lv\/de\/geschenke\/#breadcrumb"},"inLanguage":"de","potentialAction":[{"@type":"ReadAction","target":["https:\/\/sweetdeco.lv\/de\/geschenke\/"]}]},{"@type":"BreadcrumbList","@id":"https:\/\/sweetdeco.lv\/de\/geschenke\/#breadcrumb","itemListElement":[{"@type":"ListItem","position":1,"name":"Home","item":"https:\/\/sweetdeco.lv\/de\/sweet-deco-handgemacht-und-liebe-schokolade\/"},{"@type":"ListItem","position":2,"name":"Geschenke"}]},{"@type":"WebSite","@id":"https:\/\/sweetdeco.lv\/de\/#website","url":"https:\/\/sweetdeco.lv\/de\/","name":"Sweet Deco","description":"Sweet Deco","potentialAction":[{"@type":"SearchAction","target":{"@type":"EntryPoint","urlTemplate":"https:\/\/sweetdeco.lv\/de\/?s={search_term_string}"},"query-input":{"@type":"PropertyValueSpecification","valueRequired":true,"valueName":"search_term_string"}}],"inLanguage":"de"}]}},"jetpack_sharing_enabled":true,"_links":{"self":[{"href":"https:\/\/sweetdeco.lv\/de\/wp-json\/wp\/v2\/pages\/492","targetHints":{"allow":["GET"]}}],"collection":[{"href":"https:\/\/sweetdeco.lv\/de\/wp-json\/wp\/v2\/pages"}],"about":[{"href":"https:\/\/sweetdeco.lv\/de\/wp-json\/wp\/v2\/types\/page"}],"author":[{"embeddable":true,"href":"https:\/\/sweetdeco.lv\/de\/wp-json\/wp\/v2\/users\/2"}],"replies":[{"embeddable":true,"href":"https:\/\/sweetdeco.lv\/de\/wp-json\/wp\/v2\/comments?post=492"}],"version-history":[{"count":3,"href":"https:\/\/sweetdeco.lv\/de\/wp-json\/wp\/v2\/pages\/492\/revisions"}],"predecessor-version":[{"id":574,"href":"https:\/\/sweetdeco.lv\/de\/wp-json\/wp\/v2\/pages\/492\/revisions\/574"}],"wp:attachment":[{"href":"https:\/\/sweetdeco.lv\/de\/wp-json\/wp\/v2\/media?parent=492"}],"curies":[{"name":"wp","href":"https:\/\/api.w.org\/{rel}","templated":true}]}}