    {"id":496,"date":"2021-12-08T21:18:19","date_gmt":"2021-12-08T21:18:19","guid":{"rendered":"https:\/\/sweetdeco.lv\/?page_id=496"},"modified":"2021-12-08T22:03:04","modified_gmt":"2021-12-08T22:03:04","slug":"kontakte","status":"publish","type":"page","link":"https:\/\/sweetdeco.lv\/de\/kontakte\/","title":{"rendered":"Kontakte"},"content":{"rendered":"<p>Telefon: <a href=\"tel:+37126162206\">+371 26162206<\/a><\/p>\n<p>Email: <a href=\"mailto:sweet_deco@inbox.lv\">sweet_deco@inbox.lv<\/a><\/p>\n<p>Die Anschrift: <a href=\"https:\/\/goo.gl\/maps\/cjR5SQBmFFm4eXpq8\" target=\"_blank\" rel=\"noopener noreferrer\">Str\u0101dnieku \u0161\u0137\u0113rsiela 7A, R\u0113zekne, \u00a0LV-4604<\/a><\/p>\n<p><iframe style=\"border: 0; width: 100%; margin: 30px 0;\" tabindex=\"0\" src=\"https:\/\/www.google.com\/maps\/embed?pb=!1m18!1m12!1m3!1d2200.6308478252977!2d27.331743215960696!3d56.52578398076716!2m3!1f0!2f0!3f0!3m2!1i1024!2i768!4f13.1!3m3!1m2!1s0x46c2160b59797a1d%3A0xeee2cde16a0e0f72!2zU3RyxIFkbmlla3UgxaHEt8STcnNpZWxhIDcsIFLEk3pla25lLCBMVi00NjA0!5e0!3m2!1sru!2slv!4v1605869068783!5m2!1sru!2slv\" width=\"600\" height=\"300\" frameborder=\"0\" allowfullscreen=\"allowfullscreen\" aria-hidden=\"false\" data-mce-fragment=\"1\"><\/iframe><\/p>\n<h2>Kontaktiere uns<\/h2>\n<div class=\"frm_forms  with_frm_style frm_style_formidable-style\" id=\"frm_form_4_container\" >\n<form enctype=\"multipart\/form-data\" method=\"post\" class=\"frm-show-form \" id=\"form_contact-form4bd54af34be80fa3efd5\" >\n<div class=\"frm_form_fields \">\n<fieldset>\n<legend class=\"frm_screen_reader\">Contact Us DE<\/legend>\r\n\r\n<div class=\"frm_fields_container\">\n<input type=\"hidden\" name=\"frm_action\" value=\"create\" \/>\n<input type=\"hidden\" name=\"form_id\" value=\"4\" \/>\n<input type=\"hidden\" name=\"frm_hide_fields_4\" id=\"frm_hide_fields_4\" value=\"\" \/>\n<input type=\"hidden\" name=\"form_key\" value=\"contact-form4bd54af34be80fa3efd5\" \/>\n<input type=\"hidden\" name=\"item_meta[0]\" value=\"\" \/>\n<input type=\"hidden\" id=\"frm_submit_entry_4\" name=\"frm_submit_entry_4\" value=\"aafc0b8a53\" \/><input type=\"hidden\" name=\"_wp_http_referer\" value=\"\/de\/wp-json\/wp\/v2\/pages\/496\" \/><div id=\"frm_field_14_container\" class=\"frm_form_field form-field  frm_required_field frm_top_container frm_two_thirds frm_first\">\r\n    <label for=\"field_qh4icy9e4cdbaaea0f47b23514\" id=\"field_qh4icy9e4cdbaaea0f47b23514_label\" class=\"frm_primary_label\">Vorname, Nachname\r\n        <span class=\"frm_required\">*<\/span>\r\n    <\/label>\r\n    <input type=\"text\" id=\"field_qh4icy9e4cdbaaea0f47b23514\" name=\"item_meta[14]\" value=\"\"  data-reqmsg=\"Dieses Feld darf nicht leer sein.\" aria-required=\"true\" data-invmsg=\"Name is invalid\" aria-invalid=\"false\"  \/>\r\n    \r\n    \r\n<\/div>\n<div id=\"frm_field_15_container\" class=\"frm_form_field form-field  frm_required_field frm_top_container frm_full frm_two_thirds\">\r\n    <label for=\"field_29yf4d785bdb33bf6a3cb2dcab\" id=\"field_29yf4d785bdb33bf6a3cb2dcab_label\" class=\"frm_primary_label\">E-mail\r\n        <span class=\"frm_required\">*<\/span>\r\n    <\/label>\r\n    <input type=\"email\" id=\"field_29yf4d785bdb33bf6a3cb2dcab\" name=\"item_meta[15]\" value=\"\"  data-reqmsg=\"Dieses Feld darf nicht leer sein.\" aria-required=\"true\" data-invmsg=\"Bitte geben Sie eine g\u00fcltige E-Mail-Adresse ein.\" aria-invalid=\"false\"  \/>\r\n    \r\n    \r\n<\/div>\n<div id=\"frm_field_16_container\" class=\"frm_form_field form-field  frm_top_container frm_full frm_two_thirds\">\r\n    <label for=\"field_e6lis617af0ba29ef3daa603f1\" id=\"field_e6lis617af0ba29ef3daa603f1_label\" class=\"frm_primary_label\">Telefon\r\n        <span class=\"frm_required\"><\/span>\r\n    <\/label>\r\n    <input type=\"text\" id=\"field_e6lis617af0ba29ef3daa603f1\" name=\"item_meta[16]\" value=\"\"  data-invmsg=\"Subject is invalid\" aria-invalid=\"false\"  \/>\r\n    \r\n    \r\n<\/div>\n<div id=\"frm_field_17_container\" class=\"frm_form_field form-field  frm_required_field frm_top_container frm_full\">\r\n    <label for=\"field_9jv0r12e1778c8dcaed822101f\" id=\"field_9jv0r12e1778c8dcaed822101f_label\" class=\"frm_primary_label\">Meldung\r\n        <span class=\"frm_required\">*<\/span>\r\n    <\/label>\r\n    <textarea name=\"item_meta[17]\" id=\"field_9jv0r12e1778c8dcaed822101f\" rows=\"5\"  data-reqmsg=\"Dieses Feld darf nicht leer sein.\" aria-required=\"true\" data-invmsg=\"Meldung ist ung\u00fcltig\" aria-invalid=\"false\"  ><\/textarea>\r\n    \r\n    \r\n<\/div>\n\t<input type=\"hidden\" name=\"item_key\" value=\"\" \/>\n\t\t\t<div id=\"frm_field_19_container\">\n\t\t\t<label for=\"field_5tw1s\" >\n\t\t\t\tFalls Du menschlich bist, lasse dieses Feld leer.\t\t\t<\/label>\n\t\t\t<input  id=\"field_5tw1s\" type=\"text\" class=\"frm_form_field form-field frm_verify\" name=\"item_meta[19]\" value=\"\"  \/>\n\t\t<\/div>\n\t\t<input name=\"frm_state\" type=\"hidden\" value=\"NQznbg38daIgTBcS2tsN+II0gsErYw2B2N8QlAviymk=\" \/><div class=\"frm_submit\">\r\n\r\n<button class=\"frm_button_submit\" type=\"submit\"  >Senden<\/button>\r\n\r\n<\/div><\/div>\n<\/fieldset>\n<\/div>\n\n<\/form>\n<\/div>\n\n","protected":false},"excerpt":{"rendered":"<p>Telefon: +371 26162206 Email: sweet_deco@inbox.lv Die Anschrift: Str\u0101dnieku \u0161\u0137\u0113rsiela 7A, R\u0113zekne, \u00a0LV-4604 Kontaktiere uns<\/p>\n","protected":false},"author":2,"featured_media":0,"parent":0,"menu_order":0,"comment_status":"closed","ping_status":"closed","template":"","meta":{"footnotes":""},"class_list":["post-496","page","type-page","status-publish","hentry"],"yoast_head":"<!-- This site is optimized with the Yoast SEO plugin v25.8 - https:\/\/yoast.com\/wordpress\/plugins\/seo\/ -->\n<title>Kontakte - Sweet Deco page 496<\/title>\n<meta name=\"description\" content=\"page 496\" \/>\n<meta name=\"robots\" content=\"index, follow, max-snippet:-1, max-image-preview:large, max-video-preview:-1\" \/>\n<link rel=\"canonical\" href=\"https:\/\/sweetdeco.lv\/de\/kontakte\/\" \/>\n<meta property=\"og:locale\" content=\"de_DE\" \/>\n<meta property=\"og:type\" content=\"article\" \/>\n<meta property=\"og:title\" content=\"Kontakte - Sweet Deco\" \/>\n<meta property=\"og:description\" content=\"Telefon: +371 26162206 Email: sweet_deco@inbox.lv Die Anschrift: Str\u0101dnieku \u0161\u0137\u0113rsiela 7A, R\u0113zekne, \u00a0LV-4604 Kontaktiere uns\" \/>\n<meta property=\"og:url\" content=\"https:\/\/sweetdeco.lv\/de\/kontakte\/\" \/>\n<meta property=\"og:site_name\" content=\"Sweet Deco\" \/>\n<meta property=\"article:publisher\" content=\"https:\/\/www.facebook.com\/sweetdecolv\" \/>\n<meta property=\"article:modified_time\" content=\"2021-12-08T22:03:04+00:00\" \/>\n<meta name=\"twitter:card\" content=\"summary_large_image\" \/>\n<script type=\"application\/ld+json\" class=\"yoast-schema-graph\">{\"@context\":\"https:\/\/schema.org\",\"@graph\":[{\"@type\":\"WebPage\",\"@id\":\"https:\/\/sweetdeco.lv\/de\/kontakte\/\",\"url\":\"https:\/\/sweetdeco.lv\/de\/kontakte\/\",\"name\":\"Kontakte - Sweet Deco\",\"isPartOf\":{\"@id\":\"https:\/\/sweetdeco.lv\/de\/#website\"},\"datePublished\":\"2021-12-08T21:18:19+00:00\",\"dateModified\":\"2021-12-08T22:03:04+00:00\",\"breadcrumb\":{\"@id\":\"https:\/\/sweetdeco.lv\/de\/kontakte\/#breadcrumb\"},\"inLanguage\":\"de\",\"potentialAction\":[{\"@type\":\"ReadAction\",\"target\":[\"https:\/\/sweetdeco.lv\/de\/kontakte\/\"]}]},{\"@type\":\"BreadcrumbList\",\"@id\":\"https:\/\/sweetdeco.lv\/de\/kontakte\/#breadcrumb\",\"itemListElement\":[{\"@type\":\"ListItem\",\"position\":1,\"name\":\"Home\",\"item\":\"https:\/\/sweetdeco.lv\/de\/sweet-deco-handgemacht-und-liebe-schokolade\/\"},{\"@type\":\"ListItem\",\"position\":2,\"name\":\"Kontakte\"}]},{\"@type\":\"WebSite\",\"@id\":\"https:\/\/sweetdeco.lv\/de\/#website\",\"url\":\"https:\/\/sweetdeco.lv\/de\/\",\"name\":\"Sweet Deco\",\"description\":\"Sweet Deco\",\"potentialAction\":[{\"@type\":\"SearchAction\",\"target\":{\"@type\":\"EntryPoint\",\"urlTemplate\":\"https:\/\/sweetdeco.lv\/de\/?s={search_term_string}\"},\"query-input\":{\"@type\":\"PropertyValueSpecification\",\"valueRequired\":true,\"valueName\":\"search_term_string\"}}],\"inLanguage\":\"de\"}]}<\/script>\n<!-- \/ Yoast SEO plugin. -->","yoast_head_json":{"title":"Kontakte - Sweet Deco page 496","description":"page 496","robots":{"index":"index","follow":"follow","max-snippet":"max-snippet:-1","max-image-preview":"max-image-preview:large","max-video-preview":"max-video-preview:-1"},"canonical":"https:\/\/sweetdeco.lv\/de\/kontakte\/","og_locale":"de_DE","og_type":"article","og_title":"Kontakte - Sweet Deco","og_description":"Telefon: +371 26162206 Email: sweet_deco@inbox.lv Die Anschrift: Str\u0101dnieku \u0161\u0137\u0113rsiela 7A, R\u0113zekne, \u00a0LV-4604 Kontaktiere uns","og_url":"https:\/\/sweetdeco.lv\/de\/kontakte\/","og_site_name":"Sweet Deco","article_publisher":"https:\/\/www.facebook.com\/sweetdecolv","article_modified_time":"2021-12-08T22:03:04+00:00","twitter_card":"summary_large_image","schema":{"@context":"https:\/\/schema.org","@graph":[{"@type":"WebPage","@id":"https:\/\/sweetdeco.lv\/de\/kontakte\/","url":"https:\/\/sweetdeco.lv\/de\/kontakte\/","name":"Kontakte - Sweet Deco","isPartOf":{"@id":"https:\/\/sweetdeco.lv\/de\/#website"},"datePublished":"2021-12-08T21:18:19+00:00","dateModified":"2021-12-08T22:03:04+00:00","breadcrumb":{"@id":"https:\/\/sweetdeco.lv\/de\/kontakte\/#breadcrumb"},"inLanguage":"de","potentialAction":[{"@type":"ReadAction","target":["https:\/\/sweetdeco.lv\/de\/kontakte\/"]}]},{"@type":"BreadcrumbList","@id":"https:\/\/sweetdeco.lv\/de\/kontakte\/#breadcrumb","itemListElement":[{"@type":"ListItem","position":1,"name":"Home","item":"https:\/\/sweetdeco.lv\/de\/sweet-deco-handgemacht-und-liebe-schokolade\/"},{"@type":"ListItem","position":2,"name":"Kontakte"}]},{"@type":"WebSite","@id":"https:\/\/sweetdeco.lv\/de\/#website","url":"https:\/\/sweetdeco.lv\/de\/","name":"Sweet Deco","description":"Sweet Deco","potentialAction":[{"@type":"SearchAction","target":{"@type":"EntryPoint","urlTemplate":"https:\/\/sweetdeco.lv\/de\/?s={search_term_string}"},"query-input":{"@type":"PropertyValueSpecification","valueRequired":true,"valueName":"search_term_string"}}],"inLanguage":"de"}]}},"jetpack_sharing_enabled":true,"_links":{"self":[{"href":"https:\/\/sweetdeco.lv\/de\/wp-json\/wp\/v2\/pages\/496","targetHints":{"allow":["GET"]}}],"collection":[{"href":"https:\/\/sweetdeco.lv\/de\/wp-json\/wp\/v2\/pages"}],"about":[{"href":"https:\/\/sweetdeco.lv\/de\/wp-json\/wp\/v2\/types\/page"}],"author":[{"embeddable":true,"href":"https:\/\/sweetdeco.lv\/de\/wp-json\/wp\/v2\/users\/2"}],"replies":[{"embeddable":true,"href":"https:\/\/sweetdeco.lv\/de\/wp-json\/wp\/v2\/comments?post=496"}],"version-history":[{"count":3,"href":"https:\/\/sweetdeco.lv\/de\/wp-json\/wp\/v2\/pages\/496\/revisions"}],"predecessor-version":[{"id":572,"href":"https:\/\/sweetdeco.lv\/de\/wp-json\/wp\/v2\/pages\/496\/revisions\/572"}],"wp:attachment":[{"href":"https:\/\/sweetdeco.lv\/de\/wp-json\/wp\/v2\/media?parent=496"}],"curies":[{"name":"wp","href":"https:\/\/api.w.org\/{rel}","templated":true}]}}