    {"id":735,"date":"2021-12-22T12:11:55","date_gmt":"2021-12-22T12:11:55","guid":{"rendered":"https:\/\/sweetdeco.lv\/?page_id=735"},"modified":"2021-12-22T12:18:02","modified_gmt":"2021-12-22T12:18:02","slug":"bedingungen","status":"publish","type":"page","link":"https:\/\/sweetdeco.lv\/de\/kontakte\/bedingungen\/","title":{"rendered":"Bedingungen"},"content":{"rendered":"<h2>1. Allgemeine Bedingungen<\/h2>\n<p>1.1. Die Nutzungsbedingungen der Website <a href=\"https:\/\/sweetdeco.lv\/en\/about-us\/\">sweetdeco.lv<\/a> (im Folgenden &#8211; die Website) sowie das zugeh\u00f6rige Dokument Datenschutzrichtlinie sind f\u00fcr jede nat\u00fcrliche und juristische Person, die die Website nutzt, die die auf der Website angebotenen Dienste (im Folgenden &#8211; der Benutzer) Bedingungen.<\/p>\n<p>1.2. Die Website geh\u00f6rt der SIA \u201eSweet Deco\u201c, Reg.Nr. 42403045557, Rechts- und Postanschrift: <a href=\"https:\/\/sweetdeco.lv\/en\/contacts\/\">Str\u0101dnieku \u0161\u0137\u0113rsiela 7a, R\u0113zekne<\/a>, E-Mail-Adresse: sweet_deco@inbox.lv, im Folgenden Website-Betreiber.<\/p>\n<p>1.3. Der Eigent\u00fcmer der Website hat das Recht, die Nutzungsbedingungen der Website jederzeit nach eigenem Ermessen und ohne vorherige Ank\u00fcndigung zu \u00e4ndern. Alle \u00c4nderungen der Website-Nutzungsbedingungen werden mit der Ver\u00f6ffentlichung auf der Website wirksam.<\/p>\n<h2>2. Bedingungen Zustimmung zu den Nutzungsbedingungen der Website<\/h2>\n<p>2.1. Es liegt in der Verantwortung jedes Benutzers, sich mit den Nutzungsbedingungen der Website und der Datenschutzrichtlinie in ihrer aktuellen Version vertraut zu machen.<\/p>\n<p>2.2. Um Ihre Zustimmung zu den Nutzungsbedingungen der Website zu best\u00e4tigen, k\u00f6nnen Sie:<\/p>\n<p>2.2.1. Durch die tats\u00e4chliche Nutzung der Website. In diesem Fall wird davon ausgegangen, dass der Benutzer die Nutzungsbedingungen der Website gelesen hat und ihnen zustimmt;<\/p>\n<p>2.3. Der Benutzer ist nicht berechtigt, die Website und \/ oder die darauf angebotenen Dienste zu nutzen, wenn:<\/p>\n<p>2.3.1. Der Benutzer stimmt den Nutzungsbedingungen der Website nicht zu.<\/p>\n<h2>3. Nutzungsbedingungen der Website<\/h2>\n<p>3.1. Der Nutzer ist berechtigt, die Website und die darauf angebotenen Dienste nur gem\u00e4\u00df seinen Nutzungsbedingungen und Verwendungszwecken zu nutzen.<\/p>\n<p>3.2. Der Benutzer wird keine Ma\u00dfnahmen ergreifen, die die Nutzung der Website und \/ oder der darauf angebotenen Dienste (einschlie\u00dflich der mit den Diensten verbundenen Server und Netzwerke) behindert (k\u00f6nnen) oder st\u00f6ren (k\u00f6nnen).<\/p>\n<p>3.3. Der Benutzer tr\u00e4gt die volle Verantwortung f\u00fcr alle Informationen, die er auf die Website stellt und \/ oder an den Website-Inhaber oder Dienstanbieter sendet (einschlie\u00dflich, aber nicht beschr\u00e4nkt auf: seine personenbezogenen Daten) sowie die volle Verantwortung f\u00fcr die Folgen (einschlie\u00dflich der daraus resultierenden) von der Ver\u00f6ffentlichung oder \u00dcbermittlung solcher Informationen.<\/p>\n<p>3.4. Der Benutzer erkl\u00e4rt sich damit einverstanden, dass sich der Inhalt und \/ oder das Verfahren zur Bereitstellung der auf der Website bereitgestellten Dienste sowie der Inhalt der Website ohne vorherige Ank\u00fcndigung \u00e4ndern k\u00f6nnen. Der Nutzer wird diesbez\u00fcglich keine Anspr\u00fcche oder Anspr\u00fcche geltend machen. Der Nutzer ist verpflichtet, die Beschreibungen aller Dienste und deren \u00c4nderungen regelm\u00e4\u00dfig zu beachten.<\/p>\n<p>3.9. Der Benutzer erkl\u00e4rt sich damit einverstanden, dass der Websitebesitzer nach eigenem Ermessen und ohne vorherige Ank\u00fcndigung die Bereitstellung der Dienste oder eines Teils der Dienste auf der Website f\u00fcr einen bestimmten Benutzer oder alle Benutzer aussetzen oder beenden kann und ohne vorherige Ank\u00fcndigung aussetzen oder die Website oder einen Teil davon beenden. Wartung dieses Teils (dies umfasst auch die Schlie\u00dfung der Website). Der Nutzer wird diesbez\u00fcglich keine Anspr\u00fcche oder Anspr\u00fcche geltend machen.<\/p>\n<p>3.10. Der Benutzer hat das Recht, die Nutzung der Website und der darauf angebotenen Dienste jederzeit einzustellen.<\/p>\n<p>3.11. Dem Benutzer ist es untersagt, die auf der Website enthaltenen Informationen zu kommerziellen Zwecken zu verwenden.<\/p>\n<p>3.12. Der Benutzer ist berechtigt, nur \u00fcber die vom Website-Inhaber bereitgestellte Schnittstelle auf die Website und \/ oder alle darauf angebotenen Dienste zuzugreifen.<\/p>\n<h2>4. Bereitstellung und Nutzung der Dienste<\/h2>\n<p>4.1. Eine Beschreibung der angebotenen Dienste ist auf der Website verf\u00fcgbar. Der Nutzer ist verpflichtet, vor der Beantragung des jeweiligen Dienstes die Beschreibung des Dienstes zu lesen.<\/p>\n<h2>5. Urheberrecht und Datenschutz<\/h2>\n<p>7.1. Alle Rechte (inkl. Eigentum, Urheberrecht) an der Website liegen beim Website-Eigent\u00fcmer. Nutzungsbedingungen Dem Nutzer ist bekannt, dass die Verletzung dieser Rechte strafbar ist.<\/p>\n<p>7.2. Eine Beschreibung der Verwendung der Benutzerdaten auf der Website finden Sie in der entsprechenden Datenschutzerkl\u00e4rung.<\/p>\n<p>7.3. Der Zweck der Verarbeitung der personenbezogenen Daten und der pers\u00f6nlichen Identifikationscodes des Benutzers besteht darin, dem Benutzer Informationen \u00fcber die vom Dienstanbieter bereitgestellten Dienste bereitzustellen und die vom Dienstanbieter ausgew\u00e4hlten Dienste des Diensteanbieters bereitzustellen, um sie auf der Website zur Verf\u00fcgung zu stellen. technische Probleme diagnostizieren.<\/p>\n<p>7.4. Der Umfang der Verarbeitung personenbezogener Daten und pers\u00f6nlicher Identifikationscodes der Nutzer ist: Vorname, Nachname, Geburtsdatum, Telefon, E-Mail, Angaben in Notizen.<\/p>\n<p>7.5. Der Websitebesitzer respektiert die Rechte der Benutzer auf die Rechtm\u00e4\u00dfigkeit der Verarbeitung personenbezogener Daten gem\u00e4\u00df den geltenden Gesetzen &#8211; den Gesetzen der Republik Lettland, dem Gesetz zur Verarbeitung personenbezogener Daten und der Verordnung 2016\/679 des Europ\u00e4ischen Parlaments und des Rates vom 27 April 2016 zum Schutz nat\u00fcrlicher Personen bei der Verarbeitung personenbezogener Daten. und der freie Datenverkehr (im Folgenden als Verordnung bezeichnet) und andere Rechtsvorschriften.<\/p>\n<h2>8. Gerichtsstand<\/h2>\n<p>8.1. Die Beziehung zwischen den Benutzern der Website und dem Eigent\u00fcmer der Website (einschlie\u00dflich aller Anspr\u00fcche und Anspr\u00fcche im Zusammenhang mit diesen Allgemeinen Gesch\u00e4ftsbedingungen, die sich aus deren Verletzung, Anwendung, Auslegung, G\u00fcltigkeit usw Republik Lettland. handelt.<\/p>\n<p><img fetchpriority=\"high\" decoding=\"async\" class=\"aligncenter wp-image-725 size-medium\" src=\"https:\/\/sweetdeco.lv\/wp-content\/uploads\/2021\/12\/Noformejums-bez-nosaukuma-3-300x300.png\" alt=\"Sweet_Bedingungen\" width=\"300\" height=\"300\" \/><\/p>\n<p><a href=\"https:\/\/www.instagram.com\/sweet_deco.lv\/\">https:\/\/www.instagram.com\/sweet_deco.lv\/<\/a><\/p>\n<p><a href=\"https:\/\/www.facebohttps:\/\/www.facebook.com\/sweetdecolv\/ok.com\/sweetdecolv\/\">https:\/\/www.facebook.com\/sweetdecolv\/<\/a><\/p>\n","protected":false},"excerpt":{"rendered":"<p>1. Allgemeine Bedingungen 1.1. Die Nutzungsbedingungen der Website sweetdeco.lv (im Folgenden &#8211; die Website) sowie das zugeh\u00f6rige Dokument Datenschutzrichtlinie sind f\u00fcr jede nat\u00fcrliche und juristische Person, die die Website nutzt, die die auf der Website angebotenen Dienste (im Folgenden &#8211; der Benutzer) Bedingungen. 1.2. Die Website geh\u00f6rt der SIA \u201eSweet Deco\u201c, Reg.Nr. 42403045557, Rechts- und<\/p>\n","protected":false},"author":2,"featured_media":0,"parent":496,"menu_order":0,"comment_status":"closed","ping_status":"closed","template":"page-templates\/one-column-page.php","meta":{"footnotes":""},"class_list":["post-735","page","type-page","status-publish","hentry"],"yoast_head":"<!-- This site is optimized with the Yoast SEO plugin v25.8 - https:\/\/yoast.com\/wordpress\/plugins\/seo\/ -->\n<title>Bedingungen - Sweet Deco page 735<\/title>\n<meta name=\"description\" content=\"page 735\" \/>\n<meta name=\"robots\" content=\"index, follow, max-snippet:-1, max-image-preview:large, max-video-preview:-1\" \/>\n<link rel=\"canonical\" href=\"https:\/\/sweetdeco.lv\/de\/kontakte\/bedingungen\/\" \/>\n<meta property=\"og:locale\" content=\"de_DE\" \/>\n<meta property=\"og:type\" content=\"article\" \/>\n<meta property=\"og:title\" content=\"Bedingungen - Sweet Deco\" \/>\n<meta property=\"og:description\" content=\"1. Allgemeine Bedingungen 1.1. Die Nutzungsbedingungen der Website sweetdeco.lv (im Folgenden &#8211; die Website) sowie das zugeh\u00f6rige Dokument Datenschutzrichtlinie sind f\u00fcr jede nat\u00fcrliche und juristische Person, die die Website nutzt, die die auf der Website angebotenen Dienste (im Folgenden &#8211; der Benutzer) Bedingungen. 1.2. Die Website geh\u00f6rt der SIA \u201eSweet Deco\u201c, Reg.Nr. 42403045557, Rechts- und\" \/>\n<meta property=\"og:url\" content=\"https:\/\/sweetdeco.lv\/de\/kontakte\/bedingungen\/\" \/>\n<meta property=\"og:site_name\" content=\"Sweet Deco\" \/>\n<meta property=\"article:publisher\" content=\"https:\/\/www.facebook.com\/sweetdecolv\" \/>\n<meta property=\"article:modified_time\" content=\"2021-12-22T12:18:02+00:00\" \/>\n<meta property=\"og:image\" content=\"https:\/\/sweetdeco.lv\/wp-content\/uploads\/2021\/12\/Noformejums-bez-nosaukuma-3-300x300.png\" \/>\n<meta name=\"twitter:card\" content=\"summary_large_image\" \/>\n<meta name=\"twitter:label1\" content=\"Gesch\u00e4tzte Lesezeit\" \/>\n\t<meta name=\"twitter:data1\" content=\"4\u00a0Minuten\" \/>\n<script type=\"application\/ld+json\" class=\"yoast-schema-graph\">{\"@context\":\"https:\/\/schema.org\",\"@graph\":[{\"@type\":\"WebPage\",\"@id\":\"https:\/\/sweetdeco.lv\/de\/kontakte\/bedingungen\/\",\"url\":\"https:\/\/sweetdeco.lv\/de\/kontakte\/bedingungen\/\",\"name\":\"Bedingungen - Sweet Deco\",\"isPartOf\":{\"@id\":\"https:\/\/sweetdeco.lv\/de\/#website\"},\"primaryImageOfPage\":{\"@id\":\"https:\/\/sweetdeco.lv\/de\/kontakte\/bedingungen\/#primaryimage\"},\"image\":{\"@id\":\"https:\/\/sweetdeco.lv\/de\/kontakte\/bedingungen\/#primaryimage\"},\"thumbnailUrl\":\"https:\/\/sweetdeco.lv\/wp-content\/uploads\/2021\/12\/Noformejums-bez-nosaukuma-3-300x300.png\",\"datePublished\":\"2021-12-22T12:11:55+00:00\",\"dateModified\":\"2021-12-22T12:18:02+00:00\",\"breadcrumb\":{\"@id\":\"https:\/\/sweetdeco.lv\/de\/kontakte\/bedingungen\/#breadcrumb\"},\"inLanguage\":\"de\",\"potentialAction\":[{\"@type\":\"ReadAction\",\"target\":[\"https:\/\/sweetdeco.lv\/de\/kontakte\/bedingungen\/\"]}]},{\"@type\":\"ImageObject\",\"inLanguage\":\"de\",\"@id\":\"https:\/\/sweetdeco.lv\/de\/kontakte\/bedingungen\/#primaryimage\",\"url\":\"https:\/\/sweetdeco.lv\/wp-content\/uploads\/2021\/12\/Noformejums-bez-nosaukuma-3-300x300.png\",\"contentUrl\":\"https:\/\/sweetdeco.lv\/wp-content\/uploads\/2021\/12\/Noformejums-bez-nosaukuma-3-300x300.png\"},{\"@type\":\"BreadcrumbList\",\"@id\":\"https:\/\/sweetdeco.lv\/de\/kontakte\/bedingungen\/#breadcrumb\",\"itemListElement\":[{\"@type\":\"ListItem\",\"position\":1,\"name\":\"Home\",\"item\":\"https:\/\/sweetdeco.lv\/de\/sweet-deco-handgemacht-und-liebe-schokolade\/\"},{\"@type\":\"ListItem\",\"position\":2,\"name\":\"Bedingungen\"}]},{\"@type\":\"WebSite\",\"@id\":\"https:\/\/sweetdeco.lv\/de\/#website\",\"url\":\"https:\/\/sweetdeco.lv\/de\/\",\"name\":\"Sweet Deco\",\"description\":\"Sweet Deco\",\"potentialAction\":[{\"@type\":\"SearchAction\",\"target\":{\"@type\":\"EntryPoint\",\"urlTemplate\":\"https:\/\/sweetdeco.lv\/de\/?s={search_term_string}\"},\"query-input\":{\"@type\":\"PropertyValueSpecification\",\"valueRequired\":true,\"valueName\":\"search_term_string\"}}],\"inLanguage\":\"de\"}]}<\/script>\n<!-- \/ Yoast SEO plugin. -->","yoast_head_json":{"title":"Bedingungen - Sweet Deco page 735","description":"page 735","robots":{"index":"index","follow":"follow","max-snippet":"max-snippet:-1","max-image-preview":"max-image-preview:large","max-video-preview":"max-video-preview:-1"},"canonical":"https:\/\/sweetdeco.lv\/de\/kontakte\/bedingungen\/","og_locale":"de_DE","og_type":"article","og_title":"Bedingungen - Sweet Deco","og_description":"1. Allgemeine Bedingungen 1.1. Die Nutzungsbedingungen der Website sweetdeco.lv (im Folgenden &#8211; die Website) sowie das zugeh\u00f6rige Dokument Datenschutzrichtlinie sind f\u00fcr jede nat\u00fcrliche und juristische Person, die die Website nutzt, die die auf der Website angebotenen Dienste (im Folgenden &#8211; der Benutzer) Bedingungen. 1.2. Die Website geh\u00f6rt der SIA \u201eSweet Deco\u201c, Reg.Nr. 42403045557, Rechts- und","og_url":"https:\/\/sweetdeco.lv\/de\/kontakte\/bedingungen\/","og_site_name":"Sweet Deco","article_publisher":"https:\/\/www.facebook.com\/sweetdecolv","article_modified_time":"2021-12-22T12:18:02+00:00","og_image":[{"url":"https:\/\/sweetdeco.lv\/wp-content\/uploads\/2021\/12\/Noformejums-bez-nosaukuma-3-300x300.png","type":"","width":"","height":""}],"twitter_card":"summary_large_image","twitter_misc":{"Gesch\u00e4tzte Lesezeit":"4\u00a0Minuten"},"schema":{"@context":"https:\/\/schema.org","@graph":[{"@type":"WebPage","@id":"https:\/\/sweetdeco.lv\/de\/kontakte\/bedingungen\/","url":"https:\/\/sweetdeco.lv\/de\/kontakte\/bedingungen\/","name":"Bedingungen - Sweet Deco","isPartOf":{"@id":"https:\/\/sweetdeco.lv\/de\/#website"},"primaryImageOfPage":{"@id":"https:\/\/sweetdeco.lv\/de\/kontakte\/bedingungen\/#primaryimage"},"image":{"@id":"https:\/\/sweetdeco.lv\/de\/kontakte\/bedingungen\/#primaryimage"},"thumbnailUrl":"https:\/\/sweetdeco.lv\/wp-content\/uploads\/2021\/12\/Noformejums-bez-nosaukuma-3-300x300.png","datePublished":"2021-12-22T12:11:55+00:00","dateModified":"2021-12-22T12:18:02+00:00","breadcrumb":{"@id":"https:\/\/sweetdeco.lv\/de\/kontakte\/bedingungen\/#breadcrumb"},"inLanguage":"de","potentialAction":[{"@type":"ReadAction","target":["https:\/\/sweetdeco.lv\/de\/kontakte\/bedingungen\/"]}]},{"@type":"ImageObject","inLanguage":"de","@id":"https:\/\/sweetdeco.lv\/de\/kontakte\/bedingungen\/#primaryimage","url":"https:\/\/sweetdeco.lv\/wp-content\/uploads\/2021\/12\/Noformejums-bez-nosaukuma-3-300x300.png","contentUrl":"https:\/\/sweetdeco.lv\/wp-content\/uploads\/2021\/12\/Noformejums-bez-nosaukuma-3-300x300.png"},{"@type":"BreadcrumbList","@id":"https:\/\/sweetdeco.lv\/de\/kontakte\/bedingungen\/#breadcrumb","itemListElement":[{"@type":"ListItem","position":1,"name":"Home","item":"https:\/\/sweetdeco.lv\/de\/sweet-deco-handgemacht-und-liebe-schokolade\/"},{"@type":"ListItem","position":2,"name":"Bedingungen"}]},{"@type":"WebSite","@id":"https:\/\/sweetdeco.lv\/de\/#website","url":"https:\/\/sweetdeco.lv\/de\/","name":"Sweet Deco","description":"Sweet Deco","potentialAction":[{"@type":"SearchAction","target":{"@type":"EntryPoint","urlTemplate":"https:\/\/sweetdeco.lv\/de\/?s={search_term_string}"},"query-input":{"@type":"PropertyValueSpecification","valueRequired":true,"valueName":"search_term_string"}}],"inLanguage":"de"}]}},"jetpack_sharing_enabled":true,"_links":{"self":[{"href":"https:\/\/sweetdeco.lv\/de\/wp-json\/wp\/v2\/pages\/735","targetHints":{"allow":["GET"]}}],"collection":[{"href":"https:\/\/sweetdeco.lv\/de\/wp-json\/wp\/v2\/pages"}],"about":[{"href":"https:\/\/sweetdeco.lv\/de\/wp-json\/wp\/v2\/types\/page"}],"author":[{"embeddable":true,"href":"https:\/\/sweetdeco.lv\/de\/wp-json\/wp\/v2\/users\/2"}],"replies":[{"embeddable":true,"href":"https:\/\/sweetdeco.lv\/de\/wp-json\/wp\/v2\/comments?post=735"}],"version-history":[{"count":1,"href":"https:\/\/sweetdeco.lv\/de\/wp-json\/wp\/v2\/pages\/735\/revisions"}],"predecessor-version":[{"id":736,"href":"https:\/\/sweetdeco.lv\/de\/wp-json\/wp\/v2\/pages\/735\/revisions\/736"}],"up":[{"embeddable":true,"href":"https:\/\/sweetdeco.lv\/de\/wp-json\/wp\/v2\/pages\/496"}],"wp:attachment":[{"href":"https:\/\/sweetdeco.lv\/de\/wp-json\/wp\/v2\/media?parent=735"}],"curies":[{"name":"wp","href":"https:\/\/api.w.org\/{rel}","templated":true}]}}