    {"id":177,"date":"2020-11-20T20:24:50","date_gmt":"2020-11-20T20:24:50","guid":{"rendered":"http:\/\/sweetdeco.lv\/?page_id=177"},"modified":"2020-11-20T20:27:21","modified_gmt":"2020-11-20T20:27:21","slug":"contacts","status":"publish","type":"page","link":"https:\/\/sweetdeco.lv\/en\/contacts\/","title":{"rendered":"Contacts"},"content":{"rendered":"<p>Phone: <a href=\"tel:+37126162206\">+371 26162206<\/a><\/p>\n<p>Email: <a href=\"mailto:sweet_deco@inbox.lv\">sweet_deco@inbox.lv<\/a><\/p>\n<p>Address: <a href=\"https:\/\/goo.gl\/maps\/cjR5SQBmFFm4eXpq8\" target=\"_blank\" rel=\"noopener noreferrer\">Str\u0101dnieku \u0161\u0137\u0113rsiela 7A, R\u0113zekne, \u00a0LV-4604<\/a><\/p>\n<p><iframe src=\"https:\/\/www.google.com\/maps\/embed?pb=!1m18!1m12!1m3!1d2200.6308478252977!2d27.331743215960696!3d56.52578398076716!2m3!1f0!2f0!3f0!3m2!1i1024!2i768!4f13.1!3m3!1m2!1s0x46c2160b59797a1d%3A0xeee2cde16a0e0f72!2zU3RyxIFkbmlla3UgxaHEt8STcnNpZWxhIDcsIFLEk3pla25lLCBMVi00NjA0!5e0!3m2!1sru!2slv!4v1605869068783!5m2!1sru!2slv\" width=\"600\" height=\"300\" frameborder=\"0\" style=\"border:0;width:100%;margin:30px 0;\" allowfullscreen=\"\" aria-hidden=\"false\" tabindex=\"0\"><\/iframe><\/p>\n<h2>Contacts us<\/h2>\n<div class=\"frm_forms  with_frm_style frm_style_formidable-style\" id=\"frm_form_3_container\" >\n<form enctype=\"multipart\/form-data\" method=\"post\" class=\"frm-show-form \" id=\"form_contact-form4bd54af34b\" >\n<div class=\"frm_form_fields \">\n<fieldset>\n<legend class=\"frm_screen_reader\">Contact Us EN<\/legend>\r\n\r\n<div class=\"frm_fields_container\">\n<input type=\"hidden\" name=\"frm_action\" value=\"create\" \/>\n<input type=\"hidden\" name=\"form_id\" value=\"3\" \/>\n<input type=\"hidden\" name=\"frm_hide_fields_3\" id=\"frm_hide_fields_3\" value=\"\" \/>\n<input type=\"hidden\" name=\"form_key\" value=\"contact-form4bd54af34b\" \/>\n<input type=\"hidden\" name=\"item_meta[0]\" value=\"\" \/>\n<input type=\"hidden\" id=\"frm_submit_entry_3\" name=\"frm_submit_entry_3\" value=\"aafc0b8a53\" \/><input type=\"hidden\" name=\"_wp_http_referer\" value=\"\/en\/wp-json\/wp\/v2\/pages\/177\" \/><div id=\"frm_field_10_container\" class=\"frm_form_field form-field  frm_required_field frm_top_container frm_two_thirds frm_first\">\r\n    <label for=\"field_qh4icy9e4cdbaaea\" id=\"field_qh4icy9e4cdbaaea_label\" class=\"frm_primary_label\">Name, Surname\r\n        <span class=\"frm_required\">*<\/span>\r\n    <\/label>\r\n    <input type=\"text\" id=\"field_qh4icy9e4cdbaaea\" name=\"item_meta[10]\" value=\"\"  data-reqmsg=\"Name, Surname cannot be blank.\" aria-required=\"true\" data-invmsg=\"Name is invalid\" aria-invalid=\"false\"  \/>\r\n    \r\n    \r\n<\/div>\n<div id=\"frm_field_11_container\" class=\"frm_form_field form-field  frm_required_field frm_top_container frm_full frm_two_thirds\">\r\n    <label for=\"field_29yf4d785bdb33bf\" id=\"field_29yf4d785bdb33bf_label\" class=\"frm_primary_label\">E-mail\r\n        <span class=\"frm_required\">*<\/span>\r\n    <\/label>\r\n    <input type=\"email\" id=\"field_29yf4d785bdb33bf\" name=\"item_meta[11]\" value=\"\"  data-reqmsg=\"E-mail cannot be blank.\" aria-required=\"true\" data-invmsg=\"Please enter a valid email address.\" aria-invalid=\"false\"  \/>\r\n    \r\n    \r\n<\/div>\n<div id=\"frm_field_12_container\" class=\"frm_form_field form-field  frm_top_container frm_full frm_two_thirds\">\r\n    <label for=\"field_e6lis617af0ba29e\" id=\"field_e6lis617af0ba29e_label\" class=\"frm_primary_label\">Phone\r\n        <span class=\"frm_required\"><\/span>\r\n    <\/label>\r\n    <input type=\"text\" id=\"field_e6lis617af0ba29e\" name=\"item_meta[12]\" value=\"\"  data-invmsg=\"Subject is invalid\" aria-invalid=\"false\"  \/>\r\n    \r\n    \r\n<\/div>\n<div id=\"frm_field_13_container\" class=\"frm_form_field form-field  frm_required_field frm_top_container frm_full\">\r\n    <label for=\"field_9jv0r12e1778c8dc\" id=\"field_9jv0r12e1778c8dc_label\" class=\"frm_primary_label\">Message\r\n        <span class=\"frm_required\">*<\/span>\r\n    <\/label>\r\n    <textarea name=\"item_meta[13]\" id=\"field_9jv0r12e1778c8dc\" rows=\"5\"  data-reqmsg=\"Message cannot be blank.\" aria-required=\"true\" data-invmsg=\"Message is invalid\" aria-invalid=\"false\"  ><\/textarea>\r\n    \r\n    \r\n<\/div>\n\t<input type=\"hidden\" name=\"item_key\" value=\"\" \/>\n\t\t\t<div id=\"frm_field_19_container\">\n\t\t\t<label for=\"field_k5y3j\" >\n\t\t\t\tIf you are human, leave this field blank.\t\t\t<\/label>\n\t\t\t<input  id=\"field_k5y3j\" type=\"text\" class=\"frm_form_field form-field frm_verify\" name=\"item_meta[19]\" value=\"\"  \/>\n\t\t<\/div>\n\t\t<input name=\"frm_state\" type=\"hidden\" value=\"NQznbg38daIgTBcS2tsN+II0gsErYw2B2N8QlAviymk=\" \/><div class=\"frm_submit\">\r\n\r\n<button class=\"frm_button_submit\" type=\"submit\"  >Send<\/button>\r\n\r\n<\/div><\/div>\n<\/fieldset>\n<\/div>\n\n<\/form>\n<\/div>\n\n","protected":false},"excerpt":{"rendered":"<p>Phone: +371 26162206 Email: sweet_deco@inbox.lv Address: Str\u0101dnieku \u0161\u0137\u0113rsiela 7A, R\u0113zekne, \u00a0LV-4604 Contacts us<\/p>\n","protected":false},"author":1,"featured_media":0,"parent":0,"menu_order":0,"comment_status":"closed","ping_status":"closed","template":"","meta":{"footnotes":""},"class_list":["post-177","page","type-page","status-publish","hentry"],"yoast_head":"<!-- This site is optimized with the Yoast SEO plugin v25.8 - https:\/\/yoast.com\/wordpress\/plugins\/seo\/ -->\n<title>Contacts - Sweet Deco page 177<\/title>\n<meta name=\"description\" content=\"page 177\" \/>\n<meta name=\"robots\" content=\"index, follow, max-snippet:-1, max-image-preview:large, max-video-preview:-1\" \/>\n<link rel=\"canonical\" href=\"https:\/\/sweetdeco.lv\/en\/contacts\/\" \/>\n<meta property=\"og:locale\" content=\"en_US\" \/>\n<meta property=\"og:type\" content=\"article\" \/>\n<meta property=\"og:title\" content=\"Contacts - Sweet Deco\" \/>\n<meta property=\"og:description\" content=\"Phone: +371 26162206 Email: sweet_deco@inbox.lv Address: Str\u0101dnieku \u0161\u0137\u0113rsiela 7A, R\u0113zekne, \u00a0LV-4604 Contacts us\" \/>\n<meta property=\"og:url\" content=\"https:\/\/sweetdeco.lv\/en\/contacts\/\" \/>\n<meta property=\"og:site_name\" content=\"Sweet Deco\" \/>\n<meta property=\"article:publisher\" content=\"https:\/\/www.facebook.com\/sweetdecolv\" \/>\n<meta property=\"article:modified_time\" content=\"2020-11-20T20:27:21+00:00\" \/>\n<meta name=\"twitter:card\" content=\"summary_large_image\" \/>\n<script type=\"application\/ld+json\" class=\"yoast-schema-graph\">{\"@context\":\"https:\/\/schema.org\",\"@graph\":[{\"@type\":\"WebPage\",\"@id\":\"https:\/\/sweetdeco.lv\/en\/contacts\/\",\"url\":\"https:\/\/sweetdeco.lv\/en\/contacts\/\",\"name\":\"Contacts - Sweet Deco\",\"isPartOf\":{\"@id\":\"https:\/\/sweetdeco.lv\/en\/#website\"},\"datePublished\":\"2020-11-20T20:24:50+00:00\",\"dateModified\":\"2020-11-20T20:27:21+00:00\",\"breadcrumb\":{\"@id\":\"https:\/\/sweetdeco.lv\/en\/contacts\/#breadcrumb\"},\"inLanguage\":\"en-US\",\"potentialAction\":[{\"@type\":\"ReadAction\",\"target\":[\"https:\/\/sweetdeco.lv\/en\/contacts\/\"]}]},{\"@type\":\"BreadcrumbList\",\"@id\":\"https:\/\/sweetdeco.lv\/en\/contacts\/#breadcrumb\",\"itemListElement\":[{\"@type\":\"ListItem\",\"position\":1,\"name\":\"Home\",\"item\":\"https:\/\/sweetdeco.lv\/en\/\"},{\"@type\":\"ListItem\",\"position\":2,\"name\":\"Contacts\"}]},{\"@type\":\"WebSite\",\"@id\":\"https:\/\/sweetdeco.lv\/en\/#website\",\"url\":\"https:\/\/sweetdeco.lv\/en\/\",\"name\":\"Sweet Deco\",\"description\":\"Sweet Deco\",\"potentialAction\":[{\"@type\":\"SearchAction\",\"target\":{\"@type\":\"EntryPoint\",\"urlTemplate\":\"https:\/\/sweetdeco.lv\/en\/?s={search_term_string}\"},\"query-input\":{\"@type\":\"PropertyValueSpecification\",\"valueRequired\":true,\"valueName\":\"search_term_string\"}}],\"inLanguage\":\"en-US\"}]}<\/script>\n<!-- \/ Yoast SEO plugin. -->","yoast_head_json":{"title":"Contacts - Sweet Deco page 177","description":"page 177","robots":{"index":"index","follow":"follow","max-snippet":"max-snippet:-1","max-image-preview":"max-image-preview:large","max-video-preview":"max-video-preview:-1"},"canonical":"https:\/\/sweetdeco.lv\/en\/contacts\/","og_locale":"en_US","og_type":"article","og_title":"Contacts - Sweet Deco","og_description":"Phone: +371 26162206 Email: sweet_deco@inbox.lv Address: Str\u0101dnieku \u0161\u0137\u0113rsiela 7A, R\u0113zekne, \u00a0LV-4604 Contacts us","og_url":"https:\/\/sweetdeco.lv\/en\/contacts\/","og_site_name":"Sweet Deco","article_publisher":"https:\/\/www.facebook.com\/sweetdecolv","article_modified_time":"2020-11-20T20:27:21+00:00","twitter_card":"summary_large_image","schema":{"@context":"https:\/\/schema.org","@graph":[{"@type":"WebPage","@id":"https:\/\/sweetdeco.lv\/en\/contacts\/","url":"https:\/\/sweetdeco.lv\/en\/contacts\/","name":"Contacts - Sweet Deco","isPartOf":{"@id":"https:\/\/sweetdeco.lv\/en\/#website"},"datePublished":"2020-11-20T20:24:50+00:00","dateModified":"2020-11-20T20:27:21+00:00","breadcrumb":{"@id":"https:\/\/sweetdeco.lv\/en\/contacts\/#breadcrumb"},"inLanguage":"en-US","potentialAction":[{"@type":"ReadAction","target":["https:\/\/sweetdeco.lv\/en\/contacts\/"]}]},{"@type":"BreadcrumbList","@id":"https:\/\/sweetdeco.lv\/en\/contacts\/#breadcrumb","itemListElement":[{"@type":"ListItem","position":1,"name":"Home","item":"https:\/\/sweetdeco.lv\/en\/"},{"@type":"ListItem","position":2,"name":"Contacts"}]},{"@type":"WebSite","@id":"https:\/\/sweetdeco.lv\/en\/#website","url":"https:\/\/sweetdeco.lv\/en\/","name":"Sweet Deco","description":"Sweet Deco","potentialAction":[{"@type":"SearchAction","target":{"@type":"EntryPoint","urlTemplate":"https:\/\/sweetdeco.lv\/en\/?s={search_term_string}"},"query-input":{"@type":"PropertyValueSpecification","valueRequired":true,"valueName":"search_term_string"}}],"inLanguage":"en-US"}]}},"jetpack_sharing_enabled":true,"_links":{"self":[{"href":"https:\/\/sweetdeco.lv\/en\/wp-json\/wp\/v2\/pages\/177","targetHints":{"allow":["GET"]}}],"collection":[{"href":"https:\/\/sweetdeco.lv\/en\/wp-json\/wp\/v2\/pages"}],"about":[{"href":"https:\/\/sweetdeco.lv\/en\/wp-json\/wp\/v2\/types\/page"}],"author":[{"embeddable":true,"href":"https:\/\/sweetdeco.lv\/en\/wp-json\/wp\/v2\/users\/1"}],"replies":[{"embeddable":true,"href":"https:\/\/sweetdeco.lv\/en\/wp-json\/wp\/v2\/comments?post=177"}],"version-history":[{"count":2,"href":"https:\/\/sweetdeco.lv\/en\/wp-json\/wp\/v2\/pages\/177\/revisions"}],"predecessor-version":[{"id":179,"href":"https:\/\/sweetdeco.lv\/en\/wp-json\/wp\/v2\/pages\/177\/revisions\/179"}],"wp:attachment":[{"href":"https:\/\/sweetdeco.lv\/en\/wp-json\/wp\/v2\/media?parent=177"}],"curies":[{"name":"wp","href":"https:\/\/api.w.org\/{rel}","templated":true}]}}