    {"id":104,"date":"2020-06-05T16:58:09","date_gmt":"2020-06-05T16:58:09","guid":{"rendered":"http:\/\/www.sweetdeco.lv\/?page_id=104"},"modified":"2021-09-27T11:37:50","modified_gmt":"2021-09-27T11:37:50","slug":"kontakti","status":"publish","type":"page","link":"https:\/\/sweetdeco.lv\/ru\/kontakti\/","title":{"rendered":"\u041a\u043e\u043d\u0442\u0430\u043a\u0442\u044b"},"content":{"rendered":"<p>\u0422\u0435\u043b\u0435\u0444\u043e\u043d: <a href=\"tel:+37126162206\">+371 26162206<\/a><\/p>\n<p>\u042d\u043b.\u043f\u043e\u0447\u0442\u0430: <a href=\"mailto:sweet_deco@inbox.lv\">sweet_deco@inbox.lv<\/a><\/p>\n<p>\u0410\u0434\u0440\u0435\u0441: <a href=\"https:\/\/goo.gl\/maps\/cjR5SQBmFFm4eXpq8\" target=\"_blank\" rel=\"noopener noreferrer\">Str\u0101dnieku \u0161\u0137\u0113rsiela 7A, R\u0113zekne, \u00a0LV-4604<\/a><\/p>\n<p><iframe src=\"https:\/\/www.google.com\/maps\/embed?pb=!1m18!1m12!1m3!1d2200.6308478252977!2d27.331743215960696!3d56.52578398076716!2m3!1f0!2f0!3f0!3m2!1i1024!2i768!4f13.1!3m3!1m2!1s0x46c2160b59797a1d%3A0xeee2cde16a0e0f72!2zU3RyxIFkbmlla3UgxaHEt8STcnNpZWxhIDcsIFLEk3pla25lLCBMVi00NjA0!5e0!3m2!1sru!2slv!4v1605869068783!5m2!1sru!2slv\" width=\"600\" height=\"300\" frameborder=\"0\" style=\"border:0;width:100%;margin:30px 0;\" allowfullscreen=\"\" aria-hidden=\"false\" tabindex=\"0\"><\/iframe><\/p>\n<h2>\u0421\u0432\u044f\u0436\u0438\u0442\u0435\u0441\u044c \u0441 \u043d\u0430\u043c\u0438<\/h2>\n<div class=\"frm_forms  with_frm_style frm_style_formidable-style\" id=\"frm_form_2_container\" >\n<form enctype=\"multipart\/form-data\" method=\"post\" class=\"frm-show-form \" id=\"form_contact-forme94ac0d7ac\" >\n<div class=\"frm_form_fields \">\n<fieldset>\n<legend class=\"frm_screen_reader\">Contact Us RU<\/legend>\r\n\r\n<div class=\"frm_fields_container\">\n<input type=\"hidden\" name=\"frm_action\" value=\"create\" \/>\n<input type=\"hidden\" name=\"form_id\" value=\"2\" \/>\n<input type=\"hidden\" name=\"frm_hide_fields_2\" id=\"frm_hide_fields_2\" value=\"\" \/>\n<input type=\"hidden\" name=\"form_key\" value=\"contact-forme94ac0d7ac\" \/>\n<input type=\"hidden\" name=\"item_meta[0]\" value=\"\" \/>\n<input type=\"hidden\" id=\"frm_submit_entry_2\" name=\"frm_submit_entry_2\" value=\"4f7ce32925\" \/><input type=\"hidden\" name=\"_wp_http_referer\" value=\"\/ru\/wp-json\/wp\/v2\/pages\/104\" \/><div id=\"frm_field_6_container\" class=\"frm_form_field form-field  frm_required_field frm_top_container frm_two_thirds frm_first\">\r\n    <label for=\"field_qh4icyb400d6f2b3\" id=\"field_qh4icyb400d6f2b3_label\" class=\"frm_primary_label\">\u0418\u043c\u044f, \u0424\u0430\u043c\u0438\u043b\u0438\u044f\r\n        <span class=\"frm_required\">*<\/span>\r\n    <\/label>\r\n    <input type=\"text\" id=\"field_qh4icyb400d6f2b3\" name=\"item_meta[6]\" value=\"\"  data-reqmsg=\"\u042d\u0442\u043e \u043f\u043e\u043b\u0435 \u043d\u0435 \u043c\u043e\u0436\u0435\u0442 \u0431\u044b\u0442\u044c \u043f\u0443\u0441\u0442\u044b\u043c.\" aria-required=\"true\" data-invmsg=\"Name is invalid\" aria-invalid=\"false\"  \/>\r\n    \r\n    \r\n<\/div>\n<div id=\"frm_field_7_container\" class=\"frm_form_field form-field  frm_required_field frm_top_container frm_full frm_two_thirds\">\r\n    <label for=\"field_29yf4dd5b5ae0b6b\" id=\"field_29yf4dd5b5ae0b6b_label\" class=\"frm_primary_label\">\u042d\u043b. \u043f\u043e\u0447\u0442\u0430\r\n        <span class=\"frm_required\">*<\/span>\r\n    <\/label>\r\n    <input type=\"email\" id=\"field_29yf4dd5b5ae0b6b\" name=\"item_meta[7]\" value=\"\"  data-reqmsg=\"\u042d\u0442\u043e \u043f\u043e\u043b\u0435 \u043d\u0435 \u043c\u043e\u0436\u0435\u0442 \u0431\u044b\u0442\u044c \u043f\u0443\u0441\u0442\u044b\u043c.\" aria-required=\"true\" data-invmsg=\"\u041f\u043e\u0436\u0430\u043b\u0443\u0439\u0441\u0442\u0430, \u0432\u0432\u0435\u0434\u0438\u0442\u0435 \u0434\u0435\u0439\u0441\u0442\u0432\u0438\u0442\u0435\u043b\u044c\u043d\u044b\u0439 \u0430\u0434\u0440\u0435\u0441 \u044d\u043b\u0435\u043a\u0442\u0440\u043e\u043d\u043d\u043e\u0439 \u043f\u043e\u0447\u0442\u044b.\" aria-invalid=\"false\"  \/>\r\n    \r\n    \r\n<\/div>\n<div id=\"frm_field_8_container\" class=\"frm_form_field form-field  frm_top_container frm_full frm_two_thirds\">\r\n    <label for=\"field_e6lis6cc40c22d02\" id=\"field_e6lis6cc40c22d02_label\" class=\"frm_primary_label\">\u0422\u0435\u043b\u0435\u0444\u043e\u043d\r\n        <span class=\"frm_required\"><\/span>\r\n    <\/label>\r\n    <input type=\"text\" id=\"field_e6lis6cc40c22d02\" name=\"item_meta[8]\" value=\"\"  data-invmsg=\"Subject is invalid\" aria-invalid=\"false\"  \/>\r\n    \r\n    \r\n<\/div>\n<div id=\"frm_field_9_container\" class=\"frm_form_field form-field  frm_required_field frm_top_container frm_full\">\r\n    <label for=\"field_9jv0r13f9ba0147c\" id=\"field_9jv0r13f9ba0147c_label\" class=\"frm_primary_label\">\u0421\u043e\u043e\u0431\u0449\u0435\u043d\u0438\u0435\r\n        <span class=\"frm_required\">*<\/span>\r\n    <\/label>\r\n    <textarea name=\"item_meta[9]\" id=\"field_9jv0r13f9ba0147c\" rows=\"5\"  data-reqmsg=\"\u042d\u0442\u043e \u043f\u043e\u043b\u0435 \u043d\u0435 \u043c\u043e\u0436\u0435\u0442 \u0431\u044b\u0442\u044c \u043f\u0443\u0441\u0442\u044b\u043c.\" aria-required=\"true\" data-invmsg=\"\u0421\u043e\u043e\u0431\u0449\u0435\u043d\u0438\u0435 \u043d\u0435\u0434\u0435\u0439\u0441\u0442\u0432\u0438\u0442\u0435\u043b\u0435\u043d\" aria-invalid=\"false\"  ><\/textarea>\r\n    \r\n    \r\n<\/div>\n\t<input type=\"hidden\" name=\"item_key\" value=\"\" \/>\n\t\t\t<div id=\"frm_field_19_container\">\n\t\t\t<label for=\"field_w8dch\" >\n\t\t\t\t\u0415\u0441\u043b\u0438 \u0432\u044b \u0447\u0435\u043b\u043e\u0432\u0435\u043a, \u043e\u0441\u0442\u0430\u0432\u044c\u0442\u0435 \u044d\u0442\u043e \u043f\u043e\u043b\u0435 \u043f\u0443\u0441\u0442\u044b\u043c.\t\t\t<\/label>\n\t\t\t<input  id=\"field_w8dch\" type=\"text\" class=\"frm_form_field form-field frm_verify\" name=\"item_meta[19]\" value=\"\"  \/>\n\t\t<\/div>\n\t\t<input name=\"frm_state\" type=\"hidden\" value=\"NQznbg38daIgTBcS2tsN+II0gsErYw2B2N8QlAviymk=\" \/><div class=\"frm_submit\">\r\n\r\n<button class=\"frm_button_submit\" type=\"submit\"  >\u041e\u0442\u043f\u0440\u0430\u0432\u0438\u0442\u044c<\/button>\r\n\r\n<\/div><\/div>\n<\/fieldset>\n<\/div>\n\n<\/form>\n<\/div>\n\n","protected":false},"excerpt":{"rendered":"<p>\u0422\u0435\u043b\u0435\u0444\u043e\u043d: +371 26162206 \u042d\u043b.\u043f\u043e\u0447\u0442\u0430: sweet_deco@inbox.lv \u0410\u0434\u0440\u0435\u0441: Str\u0101dnieku \u0161\u0137\u0113rsiela 7A, R\u0113zekne, \u00a0LV-4604 \u0421\u0432\u044f\u0436\u0438\u0442\u0435\u0441\u044c \u0441 \u043d\u0430\u043c\u0438<\/p>\n","protected":false},"author":1,"featured_media":0,"parent":0,"menu_order":0,"comment_status":"closed","ping_status":"closed","template":"","meta":{"footnotes":""},"class_list":["post-104","page","type-page","status-publish","hentry"],"yoast_head":"<!-- This site is optimized with the Yoast SEO plugin v25.8 - https:\/\/yoast.com\/wordpress\/plugins\/seo\/ -->\n<title>\u041a\u043e\u043d\u0442\u0430\u043a\u0442\u044b - Sweet Deco page 104<\/title>\n<meta name=\"description\" content=\"page 104\" \/>\n<meta name=\"robots\" content=\"index, follow, max-snippet:-1, max-image-preview:large, max-video-preview:-1\" \/>\n<link rel=\"canonical\" href=\"https:\/\/sweetdeco.lv\/ru\/kontakti\/\" \/>\n<meta property=\"og:locale\" content=\"ru_RU\" \/>\n<meta property=\"og:type\" content=\"article\" \/>\n<meta property=\"og:title\" content=\"\u041a\u043e\u043d\u0442\u0430\u043a\u0442\u044b - Sweet Deco\" \/>\n<meta property=\"og:description\" content=\"\u0422\u0435\u043b\u0435\u0444\u043e\u043d: +371 26162206 \u042d\u043b.\u043f\u043e\u0447\u0442\u0430: sweet_deco@inbox.lv \u0410\u0434\u0440\u0435\u0441: Str\u0101dnieku \u0161\u0137\u0113rsiela 7A, R\u0113zekne, \u00a0LV-4604 \u0421\u0432\u044f\u0436\u0438\u0442\u0435\u0441\u044c \u0441 \u043d\u0430\u043c\u0438\" \/>\n<meta property=\"og:url\" content=\"https:\/\/sweetdeco.lv\/ru\/kontakti\/\" \/>\n<meta property=\"og:site_name\" content=\"Sweet Deco\" \/>\n<meta property=\"article:publisher\" content=\"https:\/\/www.facebook.com\/sweetdecolv\" \/>\n<meta property=\"article:modified_time\" content=\"2021-09-27T11:37:50+00:00\" \/>\n<meta name=\"twitter:card\" content=\"summary_large_image\" \/>\n<script type=\"application\/ld+json\" class=\"yoast-schema-graph\">{\"@context\":\"https:\/\/schema.org\",\"@graph\":[{\"@type\":\"WebPage\",\"@id\":\"https:\/\/sweetdeco.lv\/ru\/kontakti\/\",\"url\":\"https:\/\/sweetdeco.lv\/ru\/kontakti\/\",\"name\":\"\u041a\u043e\u043d\u0442\u0430\u043a\u0442\u044b - Sweet Deco\",\"isPartOf\":{\"@id\":\"https:\/\/sweetdeco.lv\/ru\/#website\"},\"datePublished\":\"2020-06-05T16:58:09+00:00\",\"dateModified\":\"2021-09-27T11:37:50+00:00\",\"breadcrumb\":{\"@id\":\"https:\/\/sweetdeco.lv\/ru\/kontakti\/#breadcrumb\"},\"inLanguage\":\"ru-RU\",\"potentialAction\":[{\"@type\":\"ReadAction\",\"target\":[\"https:\/\/sweetdeco.lv\/ru\/kontakti\/\"]}]},{\"@type\":\"BreadcrumbList\",\"@id\":\"https:\/\/sweetdeco.lv\/ru\/kontakti\/#breadcrumb\",\"itemListElement\":[{\"@type\":\"ListItem\",\"position\":1,\"name\":\"Home\",\"item\":\"https:\/\/sweetdeco.lv\/ru\/galvena\/\"},{\"@type\":\"ListItem\",\"position\":2,\"name\":\"\u041a\u043e\u043d\u0442\u0430\u043a\u0442\u044b\"}]},{\"@type\":\"WebSite\",\"@id\":\"https:\/\/sweetdeco.lv\/ru\/#website\",\"url\":\"https:\/\/sweetdeco.lv\/ru\/\",\"name\":\"Sweet Deco\",\"description\":\"Sweet Deco\",\"potentialAction\":[{\"@type\":\"SearchAction\",\"target\":{\"@type\":\"EntryPoint\",\"urlTemplate\":\"https:\/\/sweetdeco.lv\/ru\/?s={search_term_string}\"},\"query-input\":{\"@type\":\"PropertyValueSpecification\",\"valueRequired\":true,\"valueName\":\"search_term_string\"}}],\"inLanguage\":\"ru-RU\"}]}<\/script>\n<!-- \/ Yoast SEO plugin. -->","yoast_head_json":{"title":"\u041a\u043e\u043d\u0442\u0430\u043a\u0442\u044b - Sweet Deco page 104","description":"page 104","robots":{"index":"index","follow":"follow","max-snippet":"max-snippet:-1","max-image-preview":"max-image-preview:large","max-video-preview":"max-video-preview:-1"},"canonical":"https:\/\/sweetdeco.lv\/ru\/kontakti\/","og_locale":"ru_RU","og_type":"article","og_title":"\u041a\u043e\u043d\u0442\u0430\u043a\u0442\u044b - Sweet Deco","og_description":"\u0422\u0435\u043b\u0435\u0444\u043e\u043d: +371 26162206 \u042d\u043b.\u043f\u043e\u0447\u0442\u0430: sweet_deco@inbox.lv \u0410\u0434\u0440\u0435\u0441: Str\u0101dnieku \u0161\u0137\u0113rsiela 7A, R\u0113zekne, \u00a0LV-4604 \u0421\u0432\u044f\u0436\u0438\u0442\u0435\u0441\u044c \u0441 \u043d\u0430\u043c\u0438","og_url":"https:\/\/sweetdeco.lv\/ru\/kontakti\/","og_site_name":"Sweet Deco","article_publisher":"https:\/\/www.facebook.com\/sweetdecolv","article_modified_time":"2021-09-27T11:37:50+00:00","twitter_card":"summary_large_image","schema":{"@context":"https:\/\/schema.org","@graph":[{"@type":"WebPage","@id":"https:\/\/sweetdeco.lv\/ru\/kontakti\/","url":"https:\/\/sweetdeco.lv\/ru\/kontakti\/","name":"\u041a\u043e\u043d\u0442\u0430\u043a\u0442\u044b - Sweet Deco","isPartOf":{"@id":"https:\/\/sweetdeco.lv\/ru\/#website"},"datePublished":"2020-06-05T16:58:09+00:00","dateModified":"2021-09-27T11:37:50+00:00","breadcrumb":{"@id":"https:\/\/sweetdeco.lv\/ru\/kontakti\/#breadcrumb"},"inLanguage":"ru-RU","potentialAction":[{"@type":"ReadAction","target":["https:\/\/sweetdeco.lv\/ru\/kontakti\/"]}]},{"@type":"BreadcrumbList","@id":"https:\/\/sweetdeco.lv\/ru\/kontakti\/#breadcrumb","itemListElement":[{"@type":"ListItem","position":1,"name":"Home","item":"https:\/\/sweetdeco.lv\/ru\/galvena\/"},{"@type":"ListItem","position":2,"name":"\u041a\u043e\u043d\u0442\u0430\u043a\u0442\u044b"}]},{"@type":"WebSite","@id":"https:\/\/sweetdeco.lv\/ru\/#website","url":"https:\/\/sweetdeco.lv\/ru\/","name":"Sweet Deco","description":"Sweet Deco","potentialAction":[{"@type":"SearchAction","target":{"@type":"EntryPoint","urlTemplate":"https:\/\/sweetdeco.lv\/ru\/?s={search_term_string}"},"query-input":{"@type":"PropertyValueSpecification","valueRequired":true,"valueName":"search_term_string"}}],"inLanguage":"ru-RU"}]}},"jetpack_sharing_enabled":true,"_links":{"self":[{"href":"https:\/\/sweetdeco.lv\/ru\/wp-json\/wp\/v2\/pages\/104","targetHints":{"allow":["GET"]}}],"collection":[{"href":"https:\/\/sweetdeco.lv\/ru\/wp-json\/wp\/v2\/pages"}],"about":[{"href":"https:\/\/sweetdeco.lv\/ru\/wp-json\/wp\/v2\/types\/page"}],"author":[{"embeddable":true,"href":"https:\/\/sweetdeco.lv\/ru\/wp-json\/wp\/v2\/users\/1"}],"replies":[{"embeddable":true,"href":"https:\/\/sweetdeco.lv\/ru\/wp-json\/wp\/v2\/comments?post=104"}],"version-history":[{"count":4,"href":"https:\/\/sweetdeco.lv\/ru\/wp-json\/wp\/v2\/pages\/104\/revisions"}],"predecessor-version":[{"id":466,"href":"https:\/\/sweetdeco.lv\/ru\/wp-json\/wp\/v2\/pages\/104\/revisions\/466"}],"wp:attachment":[{"href":"https:\/\/sweetdeco.lv\/ru\/wp-json\/wp\/v2\/media?parent=104"}],"curies":[{"name":"wp","href":"https:\/\/api.w.org\/{rel}","templated":true}]}}